{"id":3332,"date":"2026-04-30T17:15:06","date_gmt":"2026-04-30T09:15:06","guid":{"rendered":"http:\/\/blog.quegewp.cn\/?post_type=product&#038;p=3332"},"modified":"2026-04-30T17:38:28","modified_gmt":"2026-04-30T09:38:28","slug":"36-acrylic-linear-wall-lights","status":"publish","type":"product","link":"https:\/\/solarlamp-led.com\/pt\/produto\/36-acrylic-linear-wall-lights\/","title":{"rendered":"Candeeiros de parede lineares acr\u00edlicos de 36"},"content":{"rendered":"<p>Goldsuno LED Linear Wall Light Series dispon\u00edvel em 16 \u2033, 24 \u2033 e 36 \u2033 para escolha. adota um design de apar\u00eancia elegante e simples, que adiciona um sentido moderno \u00e0 parede do edif\u00edcio, apresenta um efeito de ilumina\u00e7\u00e3o \u00fanico ao iluminar, criando uma atmosfera acolhedora tanto em ambientes internos quanto externos. \u00e9 \u00f3timo ideal para o seu jardim, corredor, p\u00e1tio, qualquer outra aplica\u00e7\u00e3o externa.<\/p>\r\n\r\n\r\n\r\n<p>Carater\u00edsticas do produto:<\/p>\r\n<ul>\r\n<li>Tens\u00e3o: AC 100-277V.<\/li>\r\n<li>LEDs incorporados com 5CCT selecion\u00e1veis.<\/li>\r\n<li>Vers\u00e3o RGBCW dispon\u00edvel.<\/li>\r\n<li>Lista ETL: qualidade fi\u00e1vel e funcionamento seguro.<\/li>\r\n<li>Classifica\u00e7\u00e3o IP: IP65, adequado para locais h\u00famidos.<\/li>\r\n<\/ul>\r\n\r\n<p>\u00a0 \u00a0 \u00a0 \u00a0<img loading=\"lazy\" decoding=\"async\" class=\"alignnone size-full wp-image-1882\" src=\"https:\/\/solarlamp-led.com\/wp-content\/uploads\/2026\/04\/723ec1f4-9a03-4415-a075-058a883fd2f3-4.webp\" alt=\"\" width=\"300\" height=\"44\" \/><\/p>\r\n\r\n<p class=\"has-medium-font-size\"><strong>Especifica\u00e7\u00e3o do produto:<\/strong><\/p>\r\n\r\n\r\n\r\n<figure class=\"wp-block-table\">\r\n<table class=\"has-fixed-layout\" style=\"height: 394px;\" width=\"695\">\r\n<tbody>\r\n<tr>\r\n<td>Modelo<\/td>\r\n<td>JXL-BD36-AM24W-5CCT<\/td>\r\n<\/tr>\r\n<tr>\r\n<td>Pot\u00eancia<\/td>\r\n<td>24Watts<\/td>\r\n<\/tr>\r\n<tr>\r\n<td>Tens\u00e3o de entrada<\/td>\r\n<td>AC100-277V, 50\/60Hz<\/td>\r\n<\/tr>\r\n<tr>\r\n<td>Fluxo luminoso<\/td>\r\n<td>900LM<\/td>\r\n<\/tr>\r\n<tr>\r\n<td>Temp. de cor<\/td>\r\n<td>5CCT Tunable,27K\/30K\/35K\/40K\/50K<\/td>\r\n<\/tr>\r\n<tr>\r\n<td>Material<\/td>\r\n<td>Alum\u00ednio + PC<\/td>\r\n<\/tr>\r\n<tr>\r\n<td>Taxa IP<\/td>\r\n<td>IP65<\/td>\r\n<\/tr>\r\n<tr>\r\n<td>Dimens\u00f5es<\/td>\r\n<td>L910*89*58mm<\/td>\r\n<\/tr>\r\n<tr>\r\n<td>Regul\u00e1vel<\/td>\r\n<td>Triac regul\u00e1vel<\/td>\r\n<\/tr>\r\n<tr>\r\n<td>Fator de pot\u00eancia<\/td>\r\n<td>&gt;0.9<\/td>\r\n<\/tr>\r\n<tr>\r\n<td>IRC<\/td>\r\n<td>&gt;80<\/td>\r\n<\/tr>\r\n<tr>\r\n<td>Cor da caixa<\/td>\r\n<td>Preto\/castanho escovado a \u00f3leo<\/td>\r\n<\/tr>\r\n<tr>\r\n<td>Certificados<\/td>\r\n<td>ISO9001, CE, RoHs, ETL, cETL, FCC, ICES, IP65<\/td>\r\n<\/tr>\r\n<tr>\r\n<td>Garantia<\/td>\r\n<td>3 anos<\/td>\r\n<\/tr>\r\n<\/tbody>\r\n<\/table>\r\n<\/figure>\r\n\r\n\r\n\r\n<p class=\"has-medium-font-size\"><strong>Detalhes do produto:<\/strong><\/p>\r\n\r\n\r\n\r\n\r\n\r\n<div class=\"wp-block-stackable-image stk-block-image stk-block stk-62e0bd0\" data-block-id=\"62e0bd0\">\r\n<figure><span class=\"stk-img-wrapper stk-image--shape-stretch\"><img loading=\"lazy\" decoding=\"async\" class=\"aligncenter wp-image-3334 size-full\" src=\"https:\/\/solarlamp-led.com\/wp-content\/uploads\/2026\/04\/001-3.webp\" alt=\"36&quot; Acrylic Linear Wall Lights\" width=\"1000\" height=\"1000\" srcset=\"https:\/\/solarlamp-led.com\/wp-content\/uploads\/2026\/04\/001-3.webp 1000w, https:\/\/solarlamp-led.com\/wp-content\/uploads\/2026\/04\/001-3-300x300.webp 300w, https:\/\/solarlamp-led.com\/wp-content\/uploads\/2026\/04\/001-3-150x150.webp 150w, https:\/\/solarlamp-led.com\/wp-content\/uploads\/2026\/04\/001-3-768x768.webp 768w, https:\/\/solarlamp-led.com\/wp-content\/uploads\/2026\/04\/001-3-600x600.webp 600w, https:\/\/solarlamp-led.com\/wp-content\/uploads\/2026\/04\/001-3-100x100.webp 100w\" sizes=\"auto, (max-width: 1000px) 100vw, 1000px\" \/> <\/span><\/figure>\r\n<figure><span class=\"stk-img-wrapper stk-image--shape-stretch\"><img loading=\"lazy\" decoding=\"async\" class=\"aligncenter wp-image-3335 size-full\" src=\"https:\/\/solarlamp-led.com\/wp-content\/uploads\/2026\/04\/02-78.webp\" alt=\"36&quot; Acrylic Linear Wall Lights\" width=\"1000\" height=\"563\" srcset=\"https:\/\/solarlamp-led.com\/wp-content\/uploads\/2026\/04\/02-78.webp 1000w, https:\/\/solarlamp-led.com\/wp-content\/uploads\/2026\/04\/02-78-300x169.webp 300w, https:\/\/solarlamp-led.com\/wp-content\/uploads\/2026\/04\/02-78-768x432.webp 768w, https:\/\/solarlamp-led.com\/wp-content\/uploads\/2026\/04\/02-78-600x338.webp 600w\" sizes=\"auto, (max-width: 1000px) 100vw, 1000px\" \/><\/span><\/figure>\r\n<\/div>\r\n<div class=\"wp-block-stackable-image stk-block-image stk-block stk-b3487dd\" data-block-id=\"b3487dd\">\r\n<figure><span class=\"stk-img-wrapper stk-image--shape-stretch\"><img loading=\"lazy\" decoding=\"async\" class=\"aligncenter wp-image-3336 size-full\" src=\"https:\/\/solarlamp-led.com\/wp-content\/uploads\/2026\/04\/03-83.webp\" alt=\"36&quot; Acrylic Linear Wall Lights\" width=\"1000\" height=\"1000\" srcset=\"https:\/\/solarlamp-led.com\/wp-content\/uploads\/2026\/04\/03-83.webp 1000w, https:\/\/solarlamp-led.com\/wp-content\/uploads\/2026\/04\/03-83-300x300.webp 300w, https:\/\/solarlamp-led.com\/wp-content\/uploads\/2026\/04\/03-83-150x150.webp 150w, https:\/\/solarlamp-led.com\/wp-content\/uploads\/2026\/04\/03-83-768x768.webp 768w, https:\/\/solarlamp-led.com\/wp-content\/uploads\/2026\/04\/03-83-600x600.webp 600w, https:\/\/solarlamp-led.com\/wp-content\/uploads\/2026\/04\/03-83-100x100.webp 100w\" sizes=\"auto, (max-width: 1000px) 100vw, 1000px\" \/><\/span><\/figure>\r\n<figure><span class=\"stk-img-wrapper stk-image--shape-stretch\"> <img loading=\"lazy\" decoding=\"async\" class=\"aligncenter wp-image-3337 size-full\" src=\"https:\/\/solarlamp-led.com\/wp-content\/uploads\/2026\/04\/04-79.webp\" alt=\"36&quot; Acrylic Linear Wall Lights\" width=\"1000\" height=\"1000\" srcset=\"https:\/\/solarlamp-led.com\/wp-content\/uploads\/2026\/04\/04-79.webp 1000w, https:\/\/solarlamp-led.com\/wp-content\/uploads\/2026\/04\/04-79-300x300.webp 300w, https:\/\/solarlamp-led.com\/wp-content\/uploads\/2026\/04\/04-79-150x150.webp 150w, https:\/\/solarlamp-led.com\/wp-content\/uploads\/2026\/04\/04-79-768x768.webp 768w, https:\/\/solarlamp-led.com\/wp-content\/uploads\/2026\/04\/04-79-600x600.webp 600w, https:\/\/solarlamp-led.com\/wp-content\/uploads\/2026\/04\/04-79-100x100.webp 100w\" sizes=\"auto, (max-width: 1000px) 100vw, 1000px\" \/> <\/span><\/figure>\r\n<figure><span class=\"stk-img-wrapper stk-image--shape-stretch\"><img loading=\"lazy\" decoding=\"async\" class=\"aligncenter wp-image-3338 size-full\" src=\"https:\/\/solarlamp-led.com\/wp-content\/uploads\/2026\/04\/05-69.webp\" alt=\"36&quot; Acrylic Linear Wall Lights\" width=\"1000\" height=\"626\" srcset=\"https:\/\/solarlamp-led.com\/wp-content\/uploads\/2026\/04\/05-69.webp 1000w, https:\/\/solarlamp-led.com\/wp-content\/uploads\/2026\/04\/05-69-300x188.webp 300w, https:\/\/solarlamp-led.com\/wp-content\/uploads\/2026\/04\/05-69-768x481.webp 768w, https:\/\/solarlamp-led.com\/wp-content\/uploads\/2026\/04\/05-69-600x376.webp 600w\" sizes=\"auto, (max-width: 1000px) 100vw, 1000px\" \/><\/span><\/figure>\r\n<figure><span class=\"stk-img-wrapper stk-image--shape-stretch\"> <img loading=\"lazy\" decoding=\"async\" class=\"aligncenter wp-image-3339 size-full\" src=\"https:\/\/solarlamp-led.com\/wp-content\/uploads\/2026\/04\/06-74.webp\" alt=\"36&quot; Acrylic Linear Wall Lights\" width=\"1000\" height=\"1000\" srcset=\"https:\/\/solarlamp-led.com\/wp-content\/uploads\/2026\/04\/06-74.webp 1000w, https:\/\/solarlamp-led.com\/wp-content\/uploads\/2026\/04\/06-74-300x300.webp 300w, https:\/\/solarlamp-led.com\/wp-content\/uploads\/2026\/04\/06-74-150x150.webp 150w, https:\/\/solarlamp-led.com\/wp-content\/uploads\/2026\/04\/06-74-768x768.webp 768w, https:\/\/solarlamp-led.com\/wp-content\/uploads\/2026\/04\/06-74-600x600.webp 600w, https:\/\/solarlamp-led.com\/wp-content\/uploads\/2026\/04\/06-74-100x100.webp 100w\" sizes=\"auto, (max-width: 1000px) 100vw, 1000px\" \/><\/span><\/figure>\r\n<figure><span class=\"stk-img-wrapper stk-image--shape-stretch\"> <img loading=\"lazy\" decoding=\"async\" class=\"aligncenter wp-image-3340 size-full\" src=\"https:\/\/solarlamp-led.com\/wp-content\/uploads\/2026\/04\/07-57.webp\" alt=\"36&quot; Acrylic Linear Wall Lights\" width=\"1000\" height=\"1000\" srcset=\"https:\/\/solarlamp-led.com\/wp-content\/uploads\/2026\/04\/07-57.webp 1000w, https:\/\/solarlamp-led.com\/wp-content\/uploads\/2026\/04\/07-57-300x300.webp 300w, https:\/\/solarlamp-led.com\/wp-content\/uploads\/2026\/04\/07-57-150x150.webp 150w, https:\/\/solarlamp-led.com\/wp-content\/uploads\/2026\/04\/07-57-768x768.webp 768w, https:\/\/solarlamp-led.com\/wp-content\/uploads\/2026\/04\/07-57-600x600.webp 600w, https:\/\/solarlamp-led.com\/wp-content\/uploads\/2026\/04\/07-57-100x100.webp 100w\" sizes=\"auto, (max-width: 1000px) 100vw, 1000px\" \/><\/span><\/figure>\r\n<figure><span class=\"stk-img-wrapper stk-image--shape-stretch\"> <img loading=\"lazy\" decoding=\"async\" class=\"aligncenter wp-image-3341 size-full\" src=\"https:\/\/solarlamp-led.com\/wp-content\/uploads\/2026\/04\/08-50.webp\" alt=\"36&quot; Acrylic Linear Wall Lights\" width=\"1000\" height=\"1000\" srcset=\"https:\/\/solarlamp-led.com\/wp-content\/uploads\/2026\/04\/08-50.webp 1000w, https:\/\/solarlamp-led.com\/wp-content\/uploads\/2026\/04\/08-50-300x300.webp 300w, https:\/\/solarlamp-led.com\/wp-content\/uploads\/2026\/04\/08-50-150x150.webp 150w, https:\/\/solarlamp-led.com\/wp-content\/uploads\/2026\/04\/08-50-768x768.webp 768w, https:\/\/solarlamp-led.com\/wp-content\/uploads\/2026\/04\/08-50-600x600.webp 600w, https:\/\/solarlamp-led.com\/wp-content\/uploads\/2026\/04\/08-50-100x100.webp 100w\" sizes=\"auto, (max-width: 1000px) 100vw, 1000px\" \/> <\/span><\/figure>\r\n<figure><span class=\"stk-img-wrapper stk-image--shape-stretch\"><img loading=\"lazy\" decoding=\"async\" class=\"aligncenter wp-image-3342 size-full\" src=\"https:\/\/solarlamp-led.com\/wp-content\/uploads\/2026\/04\/09-38.webp\" alt=\"36&quot; Acrylic Linear Wall Lights\" width=\"1000\" height=\"1000\" srcset=\"https:\/\/solarlamp-led.com\/wp-content\/uploads\/2026\/04\/09-38.webp 1000w, https:\/\/solarlamp-led.com\/wp-content\/uploads\/2026\/04\/09-38-300x300.webp 300w, https:\/\/solarlamp-led.com\/wp-content\/uploads\/2026\/04\/09-38-150x150.webp 150w, https:\/\/solarlamp-led.com\/wp-content\/uploads\/2026\/04\/09-38-768x768.webp 768w, https:\/\/solarlamp-led.com\/wp-content\/uploads\/2026\/04\/09-38-600x600.webp 600w, https:\/\/solarlamp-led.com\/wp-content\/uploads\/2026\/04\/09-38-100x100.webp 100w\" sizes=\"auto, (max-width: 1000px) 100vw, 1000px\" \/><br \/><img loading=\"lazy\" decoding=\"async\" class=\"aligncenter wp-image-3343 size-full\" src=\"https:\/\/solarlamp-led.com\/wp-content\/uploads\/2026\/04\/10-20.webp\" alt=\"36&quot; Acrylic Linear Wall Lights\" width=\"1000\" height=\"1000\" srcset=\"https:\/\/solarlamp-led.com\/wp-content\/uploads\/2026\/04\/10-20.webp 1000w, https:\/\/solarlamp-led.com\/wp-content\/uploads\/2026\/04\/10-20-300x300.webp 300w, https:\/\/solarlamp-led.com\/wp-content\/uploads\/2026\/04\/10-20-150x150.webp 150w, https:\/\/solarlamp-led.com\/wp-content\/uploads\/2026\/04\/10-20-768x768.webp 768w, https:\/\/solarlamp-led.com\/wp-content\/uploads\/2026\/04\/10-20-600x600.webp 600w, https:\/\/solarlamp-led.com\/wp-content\/uploads\/2026\/04\/10-20-100x100.webp 100w\" sizes=\"auto, (max-width: 1000px) 100vw, 1000px\" \/><\/span><\/figure>\r\n<figure><span class=\"stk-img-wrapper stk-image--shape-stretch\"><img loading=\"lazy\" decoding=\"async\" class=\"aligncenter wp-image-3344 size-full\" src=\"https:\/\/solarlamp-led.com\/wp-content\/uploads\/2026\/04\/11-12.webp\" alt=\"36&quot; Acrylic Linear Wall Lights\" width=\"1000\" height=\"429\" srcset=\"https:\/\/solarlamp-led.com\/wp-content\/uploads\/2026\/04\/11-12.webp 1000w, https:\/\/solarlamp-led.com\/wp-content\/uploads\/2026\/04\/11-12-300x129.webp 300w, https:\/\/solarlamp-led.com\/wp-content\/uploads\/2026\/04\/11-12-768x329.webp 768w, https:\/\/solarlamp-led.com\/wp-content\/uploads\/2026\/04\/11-12-600x257.webp 600w\" sizes=\"auto, (max-width: 1000px) 100vw, 1000px\" \/><\/span><\/figure>\r\n<\/div>\r\n<p><span class=\"stk-img-wrapper stk-image--shape-stretch\"><strong>Excelentes carater\u00edsticas e vantagens<\/strong><\/span><\/p>\r\n<div class=\"wp-block-stackable-image stk-block-image stk-block stk-5dd4238\" data-block-id=\"5dd4238\">\r\n<figure>\r\n<ul>\r\n<li>Aspeto: Design moderno, de alta qualidade e elegante, com aspeto \u00fanico, mais f\u00e1cil de comercializar.\u00a0<\/li>\r\n<li>Materiais: Estrutura de alum\u00ednio \u00e0 prova de \u00e1gua, com p\u00f3 anti-ferrugem.<\/li>\r\n<li>Pintura: P\u00f3 anti-resist\u00eancia e anti-corros\u00e3o, a cor do aparelho mant\u00e9m-se inalterada ap\u00f3s muitos anos de utiliza\u00e7\u00e3o.<\/li>\r\n<li>\u00c0 prova de \u00e1gua: o design IP65 para chuva e neve garante que o aparelho est\u00e1 protegido contra todos os elementos climat\u00e9ricos.<\/li>\r\n<li>Certifica\u00e7\u00f5es : Seguran\u00e7aETL , cETL Listed - Cumpre a norma el\u00e9ctrica americana.<\/li>\r\n<li>Instala\u00e7\u00e3o: A placa de montagem corresponde a uma caixa de deriva\u00e7\u00e3o padr\u00e3o americana de 4\u201d, f\u00e1cil de instalar.<\/li>\r\n<li>Aplica\u00e7\u00f5es : Ideal para a decora\u00e7\u00e3o exterior do seu jardim, corredor, p\u00e1tio, varanda, vivenda, passadi\u00e7o, pilares.<\/li>\r\n<\/ul>\r\n<\/figure>\r\n<\/div>","protected":false},"excerpt":{"rendered":"<p>Modelo: JXL-BD36-AM24W-5CCT<\/p>\n<p>Pot\u00eancia: 24Watts de entrada<\/p>\n<p>Tens\u00e3o: AC100-277V, 50\/60Hz Luminosidade<\/p>\n<p>Fluxo: 900LM Cor<\/p>\n<p>Temperatura: 5CCT sintoniz\u00e1vel, 27K\/30K\/35K\/40K\/50K<\/p>\n<p>Material: Alum\u00ednio + PC IP<\/p>\n<p>Taxa: IP65<\/p>\n<p>Dimens\u00f5es: L910<i data-path-to-node=\"0\" data-index-in-node=\"201\">89<\/i>58 mm<\/p>\n<p>Regul\u00e1vel: Triac regul\u00e1vel Pot\u00eancia<\/p>\n<p>Fator: &gt;0,9 CRI: &gt;80 Caixa<\/p>\n<p>Cor: preto\/castanho escovado a \u00f3leo<\/p>\n<p>Certificados: ISO9001, CE, RoHs, ETL, cETL, FCC, ICES, IP65<\/p>\n<p>Garantia: 3 anos<\/p>","protected":false},"featured_media":3333,"comment_status":"closed","ping_status":"closed","template":"","meta":[],"product_brand":[],"product_cat":[38],"product_tag":[147],"class_list":{"0":"post-3332","1":"product","2":"type-product","3":"status-publish","4":"has-post-thumbnail","6":"product_cat-100-277v-wall-lights","7":"product_tag-36-acrylic-linear-wall-lights","9":"first","10":"instock","11":"shipping-taxable","12":"product-type-simple"},"_links":{"self":[{"href":"https:\/\/solarlamp-led.com\/pt\/wp-json\/wp\/v2\/product\/3332","targetHints":{"allow":["GET"]}}],"collection":[{"href":"https:\/\/solarlamp-led.com\/pt\/wp-json\/wp\/v2\/product"}],"about":[{"href":"https:\/\/solarlamp-led.com\/pt\/wp-json\/wp\/v2\/types\/product"}],"replies":[{"embeddable":true,"href":"https:\/\/solarlamp-led.com\/pt\/wp-json\/wp\/v2\/comments?post=3332"}],"wp:featuredmedia":[{"embeddable":true,"href":"https:\/\/solarlamp-led.com\/pt\/wp-json\/wp\/v2\/media\/3333"}],"wp:attachment":[{"href":"https:\/\/solarlamp-led.com\/pt\/wp-json\/wp\/v2\/media?parent=3332"}],"wp:term":[{"taxonomy":"product_brand","embeddable":true,"href":"https:\/\/solarlamp-led.com\/pt\/wp-json\/wp\/v2\/product_brand?post=3332"},{"taxonomy":"product_cat","embeddable":true,"href":"https:\/\/solarlamp-led.com\/pt\/wp-json\/wp\/v2\/product_cat?post=3332"},{"taxonomy":"product_tag","embeddable":true,"href":"https:\/\/solarlamp-led.com\/pt\/wp-json\/wp\/v2\/product_tag?post=3332"}],"curies":[{"name":"wp","href":"https:\/\/api.w.org\/{rel}","templated":true}]}}