{"id":2074,"date":"2026-04-07T16:23:23","date_gmt":"2026-04-07T08:23:23","guid":{"rendered":"http:\/\/blog.quegewp.cn\/?post_type=product&#038;p=2074"},"modified":"2026-04-15T11:02:40","modified_gmt":"2026-04-15T03:02:40","slug":"rgbw-smart-landscape-lights","status":"publish","type":"product","link":"https:\/\/solarlamp-led.com\/pt\/produto\/rgbw-smart-landscape-lights\/","title":{"rendered":"Luzes de paisagem inteligentes RGBW"},"content":{"rendered":"<p class=\"has-medium-font-size\"><strong>Color Changing LED Landscape Lights RGBW Landscape Lighting IP65 Waterproof Smart LED Garden Pathway Lights with Spike Stand, Tuya APP Control<\/strong><\/p>\r\n\r\n\r\n\r\n<p>12W Smart\u00a0<strong>RGBW Landscape Lights<\/strong>\u00a0DC 12v Color Changing Low Voltage LED Landscape Lights with Tuya APP Control, 1000 Lumens LED Pathway Lights for Garden Yard Pool Patio.<\/p>\r\n\r\n\r\n\r\n<ul class=\"wp-block-list\">\r\n<li>Cor e luminosidade reguladas pela APP inteligente Tuya<\/li>\r\n\r\n\r\n\r\n<li>Regula\u00e7\u00e3o da luminosidade de 16 milh\u00f5es de cores, regula\u00e7\u00e3o da luminosidade de 10%-100%<\/li>\r\n\r\n\r\n\r\n<li>Compat\u00edvel com AC e DC 12V de baixa tens\u00e3o, seguro para crian\u00e7as e animais de estima\u00e7\u00e3o<\/li>\r\n\r\n\r\n\r\n<li>Caixa de alum\u00ednio espessado e estaca de terra com resist\u00eancia \u00e0 corros\u00e3o e dissipa\u00e7\u00e3o de calor, design \u00e0 prova de \u00e1gua IP65<\/li>\r\n\r\n\r\n\r\n<li>Eco-friendly &amp; Cost-saving<\/li>\r\n\r\n\r\n\r\n<li>Instala\u00e7\u00e3o f\u00e1cil e r\u00e1pida no solo<\/li>\r\n\r\n\r\n\r\n<li>Perfect for garden\u00a0patio lawn yard driveway walkway backyard<\/li>\r\n<\/ul>\r\n\r\n<p>\u00a0 \u00a0 \u00a0 \u00a0<img loading=\"lazy\" decoding=\"async\" class=\"alignnone size-full wp-image-1985\" src=\"https:\/\/solarlamp-led.com\/wp-content\/uploads\/2026\/04\/723ec1f4-9a03-4415-a075-058a883fd2f3-5.webp\" alt=\"\" width=\"300\" height=\"44\" \/><\/p>\r\n\r\n<p class=\"has-medium-font-size\"><strong>Especifica\u00e7\u00e3o do produto:<\/strong><\/p>\r\n\r\n\r\n\r\n<figure class=\"wp-block-table\">\r\n<table class=\"has-fixed-layout\">\r\n<tbody>\r\n<tr>\r\n<td>Nome do produto<\/td>\r\n<td>Luzes de paisagem RGBCW<\/td>\r\n<\/tr>\r\n<tr>\r\n<td>Pot\u00eancia<\/td>\r\n<td>12W<\/td>\r\n<\/tr>\r\n<tr>\r\n<td>Tens\u00e3o de entrada<\/td>\r\n<td>AC\/DC 12V<\/td>\r\n<\/tr>\r\n<tr>\r\n<td>Fluxo luminoso<\/td>\r\n<td>1000lm<\/td>\r\n<\/tr>\r\n<tr>\r\n<td>Cor<\/td>\r\n<td>16 milh\u00f5es de cores alter\u00e1veis<\/td>\r\n<\/tr>\r\n<tr>\r\n<td>IRC<\/td>\r\n<td>&gt;80<\/td>\r\n<\/tr>\r\n<tr>\r\n<td>\u00c2ngulo do feixe<\/td>\r\n<td>65 graus<\/td>\r\n<\/tr>\r\n<tr>\r\n<td>Classifica\u00e7\u00e3o de impermeabilidade<\/td>\r\n<td>IP65<\/td>\r\n<\/tr>\r\n<tr>\r\n<td>Temp. de trabalho.<\/td>\r\n<td>-20 graus - +40 graus<\/td>\r\n<\/tr>\r\n<tr>\r\n<td>Cor da carro\u00e7aria<\/td>\r\n<td>Preto<\/td>\r\n<\/tr>\r\n<tr>\r\n<td>Material<\/td>\r\n<td>Alum\u00ednio<\/td>\r\n<\/tr>\r\n<tr>\r\n<td>Dimens\u00f5es do produto:<\/td>\r\n<td>72<em>W101<\/em>H298mm<\/td>\r\n<\/tr>\r\n<tr>\r\n<td>Garantia<\/td>\r\n<td>3 anos<\/td>\r\n<\/tr>\r\n<\/tbody>\r\n<\/table>\r\n<\/figure>\r\n\r\n\r\n\r\n<p class=\"has-medium-font-size\"><strong>Detalhes do produto:<\/strong><\/p>\r\n\r\n\r\n\r\n<p class=\"has-medium-font-size\">RGBW Landscape Lighting 12W Smart APP Control\u00a0Landscape Spot Lights<\/p>\r\n\r\n\r\n\r\n<div class=\"wp-block-stackable-image stk-block-image stk-block stk-d2664f4\" data-block-id=\"d2664f4\">\r\n<figure><span class=\"stk-img-wrapper stk-image--shape-stretch\"><img loading=\"lazy\" decoding=\"async\" class=\"stk-img wp-image-2076 aligncenter\" src=\"https:\/\/solarlamp-led.com\/wp-content\/uploads\/2026\/04\/01-50.webp\" alt=\"RGBW-Smart-Landscape-Lights\" width=\"800\" height=\"499\" srcset=\"https:\/\/solarlamp-led.com\/wp-content\/uploads\/2026\/04\/01-50.webp 800w, https:\/\/solarlamp-led.com\/wp-content\/uploads\/2026\/04\/01-50-300x187.webp 300w, https:\/\/solarlamp-led.com\/wp-content\/uploads\/2026\/04\/01-50-768x479.webp 768w, https:\/\/solarlamp-led.com\/wp-content\/uploads\/2026\/04\/01-50-600x374.webp 600w\" sizes=\"auto, (max-width: 800px) 100vw, 800px\" \/><\/span><\/figure>\r\n<\/div>\r\n<div class=\"wp-block-stackable-image stk-block-image stk-block stk-72e9690\" data-block-id=\"72e9690\">\r\n<figure><span class=\"stk-img-wrapper stk-image--shape-stretch\"><img loading=\"lazy\" decoding=\"async\" class=\"stk-img wp-image-2077 aligncenter\" src=\"https:\/\/solarlamp-led.com\/wp-content\/uploads\/2026\/04\/02-49.webp\" alt=\"RGBW-Smart-Landscape-Lights\" width=\"800\" height=\"773\" srcset=\"https:\/\/solarlamp-led.com\/wp-content\/uploads\/2026\/04\/02-49.webp 800w, https:\/\/solarlamp-led.com\/wp-content\/uploads\/2026\/04\/02-49-300x290.webp 300w, https:\/\/solarlamp-led.com\/wp-content\/uploads\/2026\/04\/02-49-768x742.webp 768w, https:\/\/solarlamp-led.com\/wp-content\/uploads\/2026\/04\/02-49-600x580.webp 600w\" sizes=\"auto, (max-width: 800px) 100vw, 800px\" \/><\/span><\/figure>\r\n<\/div>\r\n<div class=\"wp-block-stackable-image stk-block-image stk-block stk-9aff40b\" data-block-id=\"9aff40b\">\r\n<figure><span class=\"stk-img-wrapper stk-image--shape-stretch\"><img loading=\"lazy\" decoding=\"async\" class=\"stk-img wp-image-2078 aligncenter\" src=\"https:\/\/solarlamp-led.com\/wp-content\/uploads\/2026\/04\/03-54.webp\" alt=\"RGBW-Smart-Landscape-Lights\" width=\"800\" height=\"513\" srcset=\"https:\/\/solarlamp-led.com\/wp-content\/uploads\/2026\/04\/03-54.webp 800w, https:\/\/solarlamp-led.com\/wp-content\/uploads\/2026\/04\/03-54-300x192.webp 300w, https:\/\/solarlamp-led.com\/wp-content\/uploads\/2026\/04\/03-54-768x492.webp 768w, https:\/\/solarlamp-led.com\/wp-content\/uploads\/2026\/04\/03-54-600x385.webp 600w\" sizes=\"auto, (max-width: 800px) 100vw, 800px\" \/><\/span><\/figure>\r\n<\/div>\r\n<div class=\"wp-block-stackable-image stk-block-image stk-block stk-4da6499\" data-block-id=\"4da6499\">\r\n<figure><span class=\"stk-img-wrapper stk-image--shape-stretch\"><img loading=\"lazy\" decoding=\"async\" class=\"stk-img wp-image-2079 aligncenter\" src=\"https:\/\/solarlamp-led.com\/wp-content\/uploads\/2026\/04\/04-53.webp\" alt=\"RGBW-Smart-Landscape-Lights\" width=\"800\" height=\"513\" srcset=\"https:\/\/solarlamp-led.com\/wp-content\/uploads\/2026\/04\/04-53.webp 800w, https:\/\/solarlamp-led.com\/wp-content\/uploads\/2026\/04\/04-53-300x192.webp 300w, https:\/\/solarlamp-led.com\/wp-content\/uploads\/2026\/04\/04-53-768x492.webp 768w, https:\/\/solarlamp-led.com\/wp-content\/uploads\/2026\/04\/04-53-600x385.webp 600w\" sizes=\"auto, (max-width: 800px) 100vw, 800px\" \/><\/span><\/figure>\r\n<\/div>\r\n<div class=\"wp-block-stackable-image stk-block-image stk-block stk-2b08924\" data-block-id=\"2b08924\">\r\n<figure><span class=\"stk-img-wrapper stk-image--shape-stretch\"><img loading=\"lazy\" decoding=\"async\" class=\"stk-img wp-image-2080 aligncenter\" src=\"https:\/\/solarlamp-led.com\/wp-content\/uploads\/2026\/04\/05-51.webp\" alt=\"RGBW-Smart-Landscape-Lights\" width=\"800\" height=\"1064\" srcset=\"https:\/\/solarlamp-led.com\/wp-content\/uploads\/2026\/04\/05-51.webp 800w, https:\/\/solarlamp-led.com\/wp-content\/uploads\/2026\/04\/05-51-226x300.webp 226w, https:\/\/solarlamp-led.com\/wp-content\/uploads\/2026\/04\/05-51-770x1024.webp 770w, https:\/\/solarlamp-led.com\/wp-content\/uploads\/2026\/04\/05-51-768x1021.webp 768w, https:\/\/solarlamp-led.com\/wp-content\/uploads\/2026\/04\/05-51-300x399.webp 300w, https:\/\/solarlamp-led.com\/wp-content\/uploads\/2026\/04\/05-51-600x798.webp 600w\" sizes=\"auto, (max-width: 800px) 100vw, 800px\" \/><\/span><\/figure>\r\n<\/div>\r\n<div class=\"wp-block-stackable-image stk-block-image stk-block stk-5204a1e\" data-block-id=\"5204a1e\">\r\n<figure><span class=\"stk-img-wrapper stk-image--shape-stretch\"><img loading=\"lazy\" decoding=\"async\" class=\"stk-img wp-image-2081 aligncenter\" src=\"https:\/\/solarlamp-led.com\/wp-content\/uploads\/2026\/04\/06-54.webp\" alt=\"RGBW-Smart-Landscape-Lights\" width=\"800\" height=\"712\" srcset=\"https:\/\/solarlamp-led.com\/wp-content\/uploads\/2026\/04\/06-54.webp 800w, https:\/\/solarlamp-led.com\/wp-content\/uploads\/2026\/04\/06-54-300x267.webp 300w, https:\/\/solarlamp-led.com\/wp-content\/uploads\/2026\/04\/06-54-768x684.webp 768w, https:\/\/solarlamp-led.com\/wp-content\/uploads\/2026\/04\/06-54-600x534.webp 600w\" sizes=\"auto, (max-width: 800px) 100vw, 800px\" \/><\/span><\/figure>\r\n<\/div>\r\n<div class=\"wp-block-stackable-image stk-block-image stk-block stk-8b9592d\" data-block-id=\"8b9592d\">\r\n<figure><span class=\"stk-img-wrapper stk-image--shape-stretch\"><img loading=\"lazy\" decoding=\"async\" class=\"stk-img wp-image-2082 aligncenter\" src=\"https:\/\/solarlamp-led.com\/wp-content\/uploads\/2026\/04\/07-46.webp\" width=\"800\" height=\"162\" srcset=\"https:\/\/solarlamp-led.com\/wp-content\/uploads\/2026\/04\/07-46.webp 800w, https:\/\/solarlamp-led.com\/wp-content\/uploads\/2026\/04\/07-46-300x61.webp 300w, https:\/\/solarlamp-led.com\/wp-content\/uploads\/2026\/04\/07-46-768x156.webp 768w, https:\/\/solarlamp-led.com\/wp-content\/uploads\/2026\/04\/07-46-600x122.webp 600w\" sizes=\"auto, (max-width: 800px) 100vw, 800px\" \/><\/span><\/figure>\r\n<\/div>\r\n\r\n\r\n\r\n<p>\u3010<strong>Multicores e controlo APP<\/strong>\u3011<br \/>As luzes de paisagem RGBW t\u00eam um total de 16 milh\u00f5es de cores, incluindo luz branca quente ajust\u00e1vel de 2700K-6500K, que corresponde a diferentes necessidades de ilumina\u00e7\u00e3o ambiental. O brilho pode ser ajustado de baixo para brilhante (10% a 100%). Todas estas fun\u00e7\u00f5es podem ser controladas pela Tuya APP.<\/p>\r\n\r\n\r\n\r\n<p>\u3010<strong>Liga\u00e7\u00e3o Bluetooth e fun\u00e7\u00e3o de mem\u00f3ria<\/strong>\u3011<br \/>Em primeiro lugar, \u00e9 necess\u00e1rio abrir o Bluetooth no seu telem\u00f3vel. Descarregue a APP tuya. Finalmente, abra a APP e controle as luzes da paisagem diretamente pelo seu telefone. Opera\u00e7\u00e3o simples, sem gateway, mais inteligente, mais modos do que o controlo remoto tradicional. Proporciona-lhe uma experi\u00eancia incr\u00edvel e maravilhosa. Quando a energia \u00e9 desligada e a luz \u00e9 ligada novamente, a cor anterior ser\u00e1 mantida.<\/p>\r\n\r\n\r\n\r\n<p>\u3010<strong>Gest\u00e3o de agrupamentos e controlo por voz<\/strong>\u3011<br \/>As luzes de paisagem RGBW oferecem a fun\u00e7\u00e3o de controlo de grupo. \u00c9 muito conveniente e \u00fatil quando se pretende que as luzes mudem para cores diferentes atrav\u00e9s do controlo de grupo e criem um ambiente rom\u00e2ntico\/relaxante\/animado. Controle as suas luzes em modo m\u00e3os-livres com a voz atrav\u00e9s da Alexa ou do Google Assistant (o controlo por voz necessita de Gateway).<\/p>\r\n\r\n\r\n\r\n<p>\u3010<strong>Ilumina\u00e7\u00e3o paisag\u00edstica mais segura<\/strong>\u3011<br \/>Tens\u00e3o de entrada: AC\/DC12V, ETL listado, alum\u00ednio fundido, design \u00e0 prova de \u00e1gua IP65 (n\u00e3o mergulhar). Pode utiliz\u00e1-la ao ar livre sem se preocupar com o facto de o corpo da luz ser danificado pela \u00e1gua. Pode funcionar normalmente mesmo em tempo chuvoso ou de tempestade de neve, temperatura de trabalho -20 \u2103 -60 \u2103, melhora muito a estabilidade e o uso a longo prazo da ilumina\u00e7\u00e3o externa.<\/p>\r\n\r\n\r\n\r\n<p><strong>Garantia de longa dura\u00e7\u00e3o e de 5 anos<\/strong><br \/>50.000 horas de vida \u00fatil, reduz efetivamente a frequ\u00eancia de substitui\u00e7\u00e3o dos aparelhos. Garantia de 5 anos para o produto e servi\u00e7o de apoio ao cliente de longa dura\u00e7\u00e3o para garantir os seus direitos e interesses.<\/p>\r\n\r\n\r\n\r\n<p>&nbsp;<\/p>","protected":false},"excerpt":{"rendered":"<p data-path-to-node=\"1\"><b data-path-to-node=\"1\" data-index-in-node=\"0\">Pot\u00eancia:<\/b> 12W<\/p>\n<p data-path-to-node=\"2\"><b data-path-to-node=\"2\" data-index-in-node=\"0\">Tens\u00e3o de entrada:<\/b> AC\/DC 12V<\/p>\n<p data-path-to-node=\"3\"><b data-path-to-node=\"3\" data-index-in-node=\"0\">Fluxo luminoso:<\/b> 1000lm<\/p>\n<p data-path-to-node=\"4\"><b data-path-to-node=\"4\" data-index-in-node=\"0\">Cor:<\/b> 16 milh\u00f5es de cores alter\u00e1veis<\/p>\n<p data-path-to-node=\"5\"><b data-path-to-node=\"5\" data-index-in-node=\"0\">CRI:<\/b> &gt;80<\/p>\n<p data-path-to-node=\"6\"><b data-path-to-node=\"6\" data-index-in-node=\"0\">\u00c2ngulo do feixe:<\/b> 65 graus<\/p>\n<p data-path-to-node=\"7\"><b data-path-to-node=\"7\" data-index-in-node=\"0\">Classifica\u00e7\u00e3o de impermeabilidade:<\/b> IP65<\/p>\n<p data-path-to-node=\"8\"><b data-path-to-node=\"8\" data-index-in-node=\"0\">Tempos de trabalho..:<\/b> -20 graus - +40 graus<\/p>\n<p data-path-to-node=\"9\"><b data-path-to-node=\"9\" data-index-in-node=\"0\">Cor da carro\u00e7aria:<\/b> Preto<\/p>\n<p data-path-to-node=\"10\"><b data-path-to-node=\"10\" data-index-in-node=\"0\">Material:<\/b> Alum\u00ednio<\/p>\n<p data-path-to-node=\"11\"><b data-path-to-node=\"11\" data-index-in-node=\"0\">Dimens\u00f5es do produto:<\/b> 72*101*H298mm<\/p>\n<p data-path-to-node=\"12\"><b data-path-to-node=\"12\" data-index-in-node=\"0\">Garantia:<\/b> 3 anos<\/p>","protected":false},"featured_media":2075,"comment_status":"closed","ping_status":"closed","template":"","meta":[],"product_brand":[],"product_cat":[31],"product_tag":[129],"class_list":{"0":"post-2074","1":"product","2":"type-product","3":"status-publish","4":"has-post-thumbnail","6":"product_cat-led-landscape-lights","7":"product_tag-rgbw-smart-landscape-lights","9":"first","10":"instock","11":"shipping-taxable","12":"product-type-simple"},"_links":{"self":[{"href":"https:\/\/solarlamp-led.com\/pt\/wp-json\/wp\/v2\/product\/2074","targetHints":{"allow":["GET"]}}],"collection":[{"href":"https:\/\/solarlamp-led.com\/pt\/wp-json\/wp\/v2\/product"}],"about":[{"href":"https:\/\/solarlamp-led.com\/pt\/wp-json\/wp\/v2\/types\/product"}],"replies":[{"embeddable":true,"href":"https:\/\/solarlamp-led.com\/pt\/wp-json\/wp\/v2\/comments?post=2074"}],"wp:featuredmedia":[{"embeddable":true,"href":"https:\/\/solarlamp-led.com\/pt\/wp-json\/wp\/v2\/media\/2075"}],"wp:attachment":[{"href":"https:\/\/solarlamp-led.com\/pt\/wp-json\/wp\/v2\/media?parent=2074"}],"wp:term":[{"taxonomy":"product_brand","embeddable":true,"href":"https:\/\/solarlamp-led.com\/pt\/wp-json\/wp\/v2\/product_brand?post=2074"},{"taxonomy":"product_cat","embeddable":true,"href":"https:\/\/solarlamp-led.com\/pt\/wp-json\/wp\/v2\/product_cat?post=2074"},{"taxonomy":"product_tag","embeddable":true,"href":"https:\/\/solarlamp-led.com\/pt\/wp-json\/wp\/v2\/product_tag?post=2074"}],"curies":[{"name":"wp","href":"https:\/\/api.w.org\/{rel}","templated":true}]}}