{"id":1411,"date":"2026-04-01T10:36:47","date_gmt":"2026-04-01T02:36:47","guid":{"rendered":"http:\/\/blog.quegewp.cn\/?post_type=product&#038;p=1411"},"modified":"2026-04-15T15:23:44","modified_gmt":"2026-04-15T07:23:44","slug":"12-ripple-crystal-5cct-wall-lights-2","status":"publish","type":"product","link":"https:\/\/solarlamp-led.com\/pt\/produto\/12-ripple-crystal-5cct-wall-lights-2\/","title":{"rendered":"Candeeiros de parede de 12\u201d Ripple Crystal 5CCT"},"content":{"rendered":"<p>Unique Crystal Bubble Glass wall fixture adopts crystal glass technology, which simulates beer bubbles frozen in ice when the wall lamp is turned on, perfectly disperses the light from the integrated LED bulb, bringing you a unique visual experience.<\/p>\r\n\r\n\r\n\r\n<ul class=\"wp-block-list\">\r\n<li>Modern design, with elegent appearance<\/li>\r\n\r\n\r\n\r\n<li>Color temp: 5CCT Tunable, 2700K\/3000K\/3500K \/4000K\/5000K in one fixture.<\/li>\r\n\r\n\r\n\r\n<li>Lista ETL: qualidade fi\u00e1vel e funcionamento seguro.<\/li>\r\n\r\n\r\n\r\n<li>Classifica\u00e7\u00e3o IP: IP65, adequado para locais h\u00famidos.<\/li>\r\n\r\n\r\n\r\n<li>Material : Aluminum + Steel + Crystal Bubble Glass.<\/li>\r\n<\/ul>\r\n\r\n<p>\u00a0 \u00a0 \u00a0 \u00a0<img loading=\"lazy\" decoding=\"async\" class=\"alignnone size-full wp-image-1220\" src=\"https:\/\/solarlamp-led.com\/wp-content\/uploads\/2026\/03\/723ec1f4-9a03-4415-a075-058a883fd2f3.webp\" alt=\"\" width=\"300\" height=\"44\" \/><\/p>\r\n\r\n<p class=\"has-medium-font-size\"><strong>Especifica\u00e7\u00e3o do produto:<\/strong><\/p>\r\n\r\n\r\n\r\n<figure class=\"wp-block-table\">\r\n<table class=\"has-fixed-layout\">\r\n<tbody>\r\n<tr>\r\n<td>Nome do produto<\/td>\r\n<td><strong>12 Inch Crystal\u00a05CCT Wall Lights<\/strong><\/td>\r\n<\/tr>\r\n<tr>\r\n<td>Modelo<\/td>\r\n<td>JXL-BD12WM-BG12W-5CCT<\/td>\r\n<\/tr>\r\n<tr>\r\n<td>Fluxo luminoso<\/td>\r\n<td>420LM<\/td>\r\n<\/tr>\r\n<tr>\r\n<td>Pot\u00eancia<\/td>\r\n<td>12W<\/td>\r\n<\/tr>\r\n<tr>\r\n<td>Efficiency<\/td>\r\n<td>35LM\/W<\/td>\r\n<\/tr>\r\n<tr>\r\n<td>Tens\u00e3o de entrada<\/td>\r\n<td>AC100-277V, 50\/60Hz<\/td>\r\n<\/tr>\r\n<tr>\r\n<td>Color Temperature<\/td>\r\n<td>5CCT Tunable:27K\/30K\/35K\/40K\/ 50K<\/td>\r\n<\/tr>\r\n<tr>\r\n<td>IP Rated<\/td>\r\n<td>IP65<\/td>\r\n<\/tr>\r\n<tr>\r\n<td>\u00c2ngulo do feixe<\/td>\r\n<td>180\u00b0<\/td>\r\n<\/tr>\r\n<tr>\r\n<td>Body Materials<\/td>\r\n<td>Aluminum + Steel + Crystal Bubble Glass<\/td>\r\n<\/tr>\r\n<tr>\r\n<td>Size\u00a0<\/td>\r\n<td>310*127*93mm<\/td>\r\n<\/tr>\r\n<tr>\r\n<td>Operating Temperature<\/td>\r\n<td>-4F to 104F<\/td>\r\n<\/tr>\r\n<tr>\r\n<td>Garantia<\/td>\r\n<td>3\u00a0years<\/td>\r\n<\/tr>\r\n<tr>\r\n<td>Certificate<\/td>\r\n<td>ISO9001, CE, RoHs, ETL, cETL, FCC, ICES, IP65<\/td>\r\n<\/tr>\r\n<tr>\r\n<td>Applications<\/td>\r\n<td>front doorway, entryway, garage, driveway, roadway, sidewalk, foyer, porch, balcony, patio, yard, building wall, etc, etc<\/td>\r\n<\/tr>\r\n<\/tbody>\r\n<\/table>\r\n<\/figure>\r\n\r\n\r\n\r\n<p class=\"has-medium-font-size\"><strong>Detalhes do produto:<\/strong><\/p>\r\n\r\n\r\n\r\n<p class=\"has-medium-font-size\">12 Inch 5CCT Tunable Five-sided Crystal LED Wall Lights<\/p>\r\n\r\n\r\n\r\n<div class=\"wp-block-stackable-image stk-block-image stk-block stk-0586071\" data-block-id=\"0586071\">\r\n<figure><span class=\"stk-img-wrapper stk-image--shape-stretch\"><img loading=\"lazy\" decoding=\"async\" class=\"stk-img wp-image-1427 aligncenter\" src=\"https:\/\/solarlamp-led.com\/wp-content\/uploads\/2026\/04\/01.webp\" alt=\"12'' Ripple Crystal 5CCT wall Lights\" width=\"1024\" height=\"1024\" srcset=\"https:\/\/solarlamp-led.com\/wp-content\/uploads\/2026\/04\/01.webp 1024w, https:\/\/solarlamp-led.com\/wp-content\/uploads\/2026\/04\/01-300x300.webp 300w, https:\/\/solarlamp-led.com\/wp-content\/uploads\/2026\/04\/01-150x150.webp 150w, https:\/\/solarlamp-led.com\/wp-content\/uploads\/2026\/04\/01-768x768.webp 768w, https:\/\/solarlamp-led.com\/wp-content\/uploads\/2026\/04\/01-600x600.webp 600w, https:\/\/solarlamp-led.com\/wp-content\/uploads\/2026\/04\/01-100x100.webp 100w\" sizes=\"auto, (max-width: 1024px) 100vw, 1024px\" \/><\/span><\/figure>\r\n<\/div>\r\n<div class=\"wp-block-stackable-image stk-block-image stk-block stk-2b633f6\" data-block-id=\"2b633f6\">\r\n<figure><span class=\"stk-img-wrapper stk-image--shape-stretch\"><img loading=\"lazy\" decoding=\"async\" class=\"stk-img wp-image-1428 aligncenter\" src=\"https:\/\/solarlamp-led.com\/wp-content\/uploads\/2026\/04\/02.webp\" alt=\"12'' Ripple Crystal 5CCT wall Lights\" width=\"1000\" height=\"1000\" srcset=\"https:\/\/solarlamp-led.com\/wp-content\/uploads\/2026\/04\/02.webp 1000w, https:\/\/solarlamp-led.com\/wp-content\/uploads\/2026\/04\/02-300x300.webp 300w, https:\/\/solarlamp-led.com\/wp-content\/uploads\/2026\/04\/02-150x150.webp 150w, https:\/\/solarlamp-led.com\/wp-content\/uploads\/2026\/04\/02-768x768.webp 768w, https:\/\/solarlamp-led.com\/wp-content\/uploads\/2026\/04\/02-600x600.webp 600w, https:\/\/solarlamp-led.com\/wp-content\/uploads\/2026\/04\/02-100x100.webp 100w\" sizes=\"auto, (max-width: 1000px) 100vw, 1000px\" \/><\/span><\/figure>\r\n<\/div>\r\n<div class=\"wp-block-stackable-image stk-block-image stk-block stk-749848a\" data-block-id=\"749848a\">\r\n<figure><span class=\"stk-img-wrapper stk-image--shape-stretch\"><img loading=\"lazy\" decoding=\"async\" class=\"stk-img wp-image-1429 aligncenter\" src=\"https:\/\/solarlamp-led.com\/wp-content\/uploads\/2026\/04\/03.webp\" alt=\"12'' Ripple Crystal 5CCT wall Lights\" width=\"1000\" height=\"1000\" srcset=\"https:\/\/solarlamp-led.com\/wp-content\/uploads\/2026\/04\/03.webp 1000w, https:\/\/solarlamp-led.com\/wp-content\/uploads\/2026\/04\/03-300x300.webp 300w, https:\/\/solarlamp-led.com\/wp-content\/uploads\/2026\/04\/03-150x150.webp 150w, https:\/\/solarlamp-led.com\/wp-content\/uploads\/2026\/04\/03-768x768.webp 768w, https:\/\/solarlamp-led.com\/wp-content\/uploads\/2026\/04\/03-600x600.webp 600w, https:\/\/solarlamp-led.com\/wp-content\/uploads\/2026\/04\/03-100x100.webp 100w\" sizes=\"auto, (max-width: 1000px) 100vw, 1000px\" \/><\/span><\/figure>\r\n<\/div>\r\n<div class=\"wp-block-stackable-image stk-block-image stk-block stk-aaa9ec5\" data-block-id=\"aaa9ec5\">\r\n<figure><span class=\"stk-img-wrapper stk-image--shape-stretch\"><img loading=\"lazy\" decoding=\"async\" class=\"stk-img wp-image-1430 aligncenter\" src=\"https:\/\/solarlamp-led.com\/wp-content\/uploads\/2026\/04\/04.webp\" alt=\"12'' Ripple Crystal 5CCT wall Lights\" width=\"1000\" height=\"1000\" srcset=\"https:\/\/solarlamp-led.com\/wp-content\/uploads\/2026\/04\/04.webp 1000w, https:\/\/solarlamp-led.com\/wp-content\/uploads\/2026\/04\/04-300x300.webp 300w, https:\/\/solarlamp-led.com\/wp-content\/uploads\/2026\/04\/04-150x150.webp 150w, https:\/\/solarlamp-led.com\/wp-content\/uploads\/2026\/04\/04-768x768.webp 768w, https:\/\/solarlamp-led.com\/wp-content\/uploads\/2026\/04\/04-600x600.webp 600w, https:\/\/solarlamp-led.com\/wp-content\/uploads\/2026\/04\/04-100x100.webp 100w\" sizes=\"auto, (max-width: 1000px) 100vw, 1000px\" \/><\/span><\/figure>\r\n<\/div>\r\n<div class=\"wp-block-stackable-image stk-block-image stk-block stk-8ecb9fb\" data-block-id=\"8ecb9fb\">\r\n<figure><span class=\"stk-img-wrapper stk-image--shape-stretch\"><img loading=\"lazy\" decoding=\"async\" class=\"stk-img wp-image-1431 aligncenter\" src=\"https:\/\/solarlamp-led.com\/wp-content\/uploads\/2026\/04\/05.webp\" alt=\"12'' Ripple Crystal 5CCT wall Lights\" width=\"990\" height=\"800\" srcset=\"https:\/\/solarlamp-led.com\/wp-content\/uploads\/2026\/04\/05.webp 990w, https:\/\/solarlamp-led.com\/wp-content\/uploads\/2026\/04\/05-300x242.webp 300w, https:\/\/solarlamp-led.com\/wp-content\/uploads\/2026\/04\/05-768x621.webp 768w, https:\/\/solarlamp-led.com\/wp-content\/uploads\/2026\/04\/05-600x485.webp 600w\" sizes=\"auto, (max-width: 990px) 100vw, 990px\" \/><\/span><\/figure>\r\n<\/div>\r\n<div class=\"wp-block-stackable-image stk-block-image stk-block stk-84b5e16\" data-block-id=\"84b5e16\">\r\n<figure><span class=\"stk-img-wrapper stk-image--shape-stretch\"><img loading=\"lazy\" decoding=\"async\" class=\"stk-img wp-image-1432 aligncenter\" src=\"https:\/\/solarlamp-led.com\/wp-content\/uploads\/2026\/04\/06.webp\" alt=\"12'' Ripple Crystal 5CCT wall Lights\" width=\"1000\" height=\"1000\" srcset=\"https:\/\/solarlamp-led.com\/wp-content\/uploads\/2026\/04\/06.webp 1000w, https:\/\/solarlamp-led.com\/wp-content\/uploads\/2026\/04\/06-300x300.webp 300w, https:\/\/solarlamp-led.com\/wp-content\/uploads\/2026\/04\/06-150x150.webp 150w, https:\/\/solarlamp-led.com\/wp-content\/uploads\/2026\/04\/06-768x768.webp 768w, https:\/\/solarlamp-led.com\/wp-content\/uploads\/2026\/04\/06-600x600.webp 600w, https:\/\/solarlamp-led.com\/wp-content\/uploads\/2026\/04\/06-100x100.webp 100w\" sizes=\"auto, (max-width: 1000px) 100vw, 1000px\" \/><\/span><\/figure>\r\n<\/div>\r\n<div class=\"wp-block-stackable-image stk-block-image stk-block stk-81b0ddb\" data-block-id=\"81b0ddb\">\r\n<figure><span class=\"stk-img-wrapper stk-image--shape-stretch\"><img loading=\"lazy\" decoding=\"async\" class=\"stk-img wp-image-1433 aligncenter\" src=\"https:\/\/solarlamp-led.com\/wp-content\/uploads\/2026\/04\/07.webp\" alt=\"12'' Ripple Crystal 5CCT wall Lights\" width=\"999\" height=\"851\" srcset=\"https:\/\/solarlamp-led.com\/wp-content\/uploads\/2026\/04\/07.webp 1226w, https:\/\/solarlamp-led.com\/wp-content\/uploads\/2026\/04\/07-300x255.webp 300w, https:\/\/solarlamp-led.com\/wp-content\/uploads\/2026\/04\/07-1024x872.webp 1024w, https:\/\/solarlamp-led.com\/wp-content\/uploads\/2026\/04\/07-768x654.webp 768w, https:\/\/solarlamp-led.com\/wp-content\/uploads\/2026\/04\/07-600x511.webp 600w\" sizes=\"auto, (max-width: 999px) 100vw, 999px\" \/><\/span><\/figure>\r\n<\/div>\r\n<div class=\"wp-block-stackable-image stk-block-image stk-block stk-5524d5e\" data-block-id=\"5524d5e\">\r\n<figure><span class=\"stk-img-wrapper stk-image--shape-stretch\"><img loading=\"lazy\" decoding=\"async\" class=\"stk-img wp-image-1434 aligncenter\" src=\"https:\/\/solarlamp-led.com\/wp-content\/uploads\/2026\/04\/08.webp\" alt=\"12'' Ripple Crystal 5CCT wall Lights\" width=\"1000\" height=\"750\" srcset=\"https:\/\/solarlamp-led.com\/wp-content\/uploads\/2026\/04\/08.webp 1000w, https:\/\/solarlamp-led.com\/wp-content\/uploads\/2026\/04\/08-300x225.webp 300w, https:\/\/solarlamp-led.com\/wp-content\/uploads\/2026\/04\/08-768x576.webp 768w, https:\/\/solarlamp-led.com\/wp-content\/uploads\/2026\/04\/08-600x450.webp 600w\" sizes=\"auto, (max-width: 1000px) 100vw, 1000px\" \/><\/span><\/figure>\r\n<\/div>\r\n\r\n\r\n\r\n<p class=\"has-medium-font-size\">Perfect for garage, porch, patio, or walkways<\/p>\r\n\r\n\r\n\r\n<p><strong>Excelentes carater\u00edsticas e vantagens<\/strong><\/p>\r\n\r\n\r\n\r\n<p><strong>Appearance:<\/strong>\u00a0Fashionable &amp; high quality &amp; elegent design, with unique appearance, easier for marketing.<\/p>\r\n\r\n\r\n\r\n<p><strong>Paint:<\/strong>\u00a0Anti resistant and anti-corosion power , the fixture color keep the same after many years using.<\/p>\r\n\r\n\r\n\r\n<p><strong>Easy Installation:<\/strong>\u00a0The standard mounting bracket is compatible with standard 4 inch junction boxes (not included), the light can be accurately mounted into position thanks to the metal sheet on the backplate of the light body.<\/p>\r\n\r\n\r\n\r\n<p><strong>Applications:<\/strong>\u00a0Ideal for Outdoor-Decorating your garden, corridor, patio, balcony, villa, walkway, pillars.<\/p>\r\n\r\n\r\n\r\n<p><strong>WHY CHOOSE INTEGRATED LED LIGHT FIXTURES?<\/strong><\/p>\r\n\r\n\r\n\r\n<p>Compared with traditional light fixtures with bulbs installed, the more long-lasting integrated LED light possesses better waterproof &amp; sealing performance for outdoor rain &amp; snow. Not only avoids the trouble of frequent replacement of bulbs in high places but also solves the problem of different light color caused by changing bulbs.<\/p>\r\n\r\n\r\n\r\n<p>&nbsp;<\/p>","protected":false},"excerpt":{"rendered":"<p data-path-to-node=\"1\"><b data-path-to-node=\"1\" data-index-in-node=\"0\">Model:<\/b> JXL-BD12-BG12W-5CCT<\/p>\n<p data-path-to-node=\"2\"><b data-path-to-node=\"2\" data-index-in-node=\"0\">Fluxo luminoso:<\/b> 420LM<\/p>\n<p data-path-to-node=\"3\"><b data-path-to-node=\"3\" data-index-in-node=\"0\">Pot\u00eancia:<\/b> 12W<\/p>\n<p data-path-to-node=\"4\"><b data-path-to-node=\"4\" data-index-in-node=\"0\">Light Sockets:<\/b> E26\/E27<\/p>\n<p data-path-to-node=\"5\"><b data-path-to-node=\"5\" data-index-in-node=\"0\">Tens\u00e3o de entrada:<\/b> AC 120V\/230V<\/p>\n<p data-path-to-node=\"6\"><b data-path-to-node=\"6\" data-index-in-node=\"0\">Color Temperature:<\/b> 2700K\/3000K\/3500K\/4000K\/5000K, Tunable<\/p>\n<p data-path-to-node=\"7\"><b data-path-to-node=\"7\" data-index-in-node=\"0\">IP Rated:<\/b> IP65<\/p>\n<p data-path-to-node=\"8\"><b data-path-to-node=\"8\" data-index-in-node=\"0\">\u00c2ngulo do feixe:<\/b> Astigmatism<\/p>\n<p data-path-to-node=\"9\"><b data-path-to-node=\"9\" data-index-in-node=\"0\">Body Materials:<\/b> Metal+Glass<\/p>\n<p data-path-to-node=\"10\"><b data-path-to-node=\"10\" data-index-in-node=\"0\">Size:<\/b> L310*W110*H72.5mm<\/p>\n<p data-path-to-node=\"11\"><b data-path-to-node=\"11\" data-index-in-node=\"0\">Operating Temperature:<\/b> -20\u00b0C &#8211; +60\u00b0C<\/p>\n<p data-path-to-node=\"12\"><b data-path-to-node=\"12\" data-index-in-node=\"0\">Garantia:<\/b> 3 anos<\/p>\n<p data-path-to-node=\"13\"><b data-path-to-node=\"13\" data-index-in-node=\"0\">Certificate:<\/b> ISO9001, CE, RoHs, ETL, cETL, FCC, ICES, IP65<\/p>","protected":false},"featured_media":1426,"comment_status":"closed","ping_status":"closed","template":"","meta":[],"product_brand":[],"product_cat":[38],"product_tag":[68],"class_list":{"0":"post-1411","1":"product","2":"type-product","3":"status-publish","4":"has-post-thumbnail","6":"product_cat-100-277v-wall-lights","7":"product_tag-12-ripple-crystal-5cct-wall-lights","9":"first","10":"instock","11":"shipping-taxable","12":"product-type-simple"},"_links":{"self":[{"href":"https:\/\/solarlamp-led.com\/pt\/wp-json\/wp\/v2\/product\/1411","targetHints":{"allow":["GET"]}}],"collection":[{"href":"https:\/\/solarlamp-led.com\/pt\/wp-json\/wp\/v2\/product"}],"about":[{"href":"https:\/\/solarlamp-led.com\/pt\/wp-json\/wp\/v2\/types\/product"}],"replies":[{"embeddable":true,"href":"https:\/\/solarlamp-led.com\/pt\/wp-json\/wp\/v2\/comments?post=1411"}],"wp:featuredmedia":[{"embeddable":true,"href":"https:\/\/solarlamp-led.com\/pt\/wp-json\/wp\/v2\/media\/1426"}],"wp:attachment":[{"href":"https:\/\/solarlamp-led.com\/pt\/wp-json\/wp\/v2\/media?parent=1411"}],"wp:term":[{"taxonomy":"product_brand","embeddable":true,"href":"https:\/\/solarlamp-led.com\/pt\/wp-json\/wp\/v2\/product_brand?post=1411"},{"taxonomy":"product_cat","embeddable":true,"href":"https:\/\/solarlamp-led.com\/pt\/wp-json\/wp\/v2\/product_cat?post=1411"},{"taxonomy":"product_tag","embeddable":true,"href":"https:\/\/solarlamp-led.com\/pt\/wp-json\/wp\/v2\/product_tag?post=1411"}],"curies":[{"name":"wp","href":"https:\/\/api.w.org\/{rel}","templated":true}]}}