{"id":3332,"date":"2026-04-30T17:15:06","date_gmt":"2026-04-30T09:15:06","guid":{"rendered":"http:\/\/blog.quegewp.cn\/?post_type=product&#038;p=3332"},"modified":"2026-04-30T17:38:28","modified_gmt":"2026-04-30T09:38:28","slug":"36-acrylic-linear-wall-lights","status":"publish","type":"product","link":"https:\/\/solarlamp-led.com\/fr\/produit\/36-acrylic-linear-wall-lights\/","title":{"rendered":"Appliques lin\u00e9aires en acrylique de 36\u2033."},"content":{"rendered":"<p>L'applique murale lin\u00e9aire \u00e0 LED Goldsuno est disponible en 16\u2033, 24\u2033 et 36\u2033.Adopte un design \u00e9l\u00e9gant et simple, qui ajoute un sens moderne au mur du b\u00e2timent, pr\u00e9sente un effet d'\u00e9clairage unique lorsqu'elle est allum\u00e9e, cr\u00e9ant une atmosph\u00e8re chaleureuse \u00e0 la fois \u00e0 l'int\u00e9rieur et \u00e0 l'ext\u00e9rieur.Elle est id\u00e9ale pour votre jardin, couloir, patio, et toute autre application ext\u00e9rieure.<\/p>\r\n\r\n\r\n\r\n<p>Caract\u00e9ristiques du produit :<\/p>\r\n<ul>\r\n<li>Tension d'alimentation : AC 100-277V.<\/li>\r\n<li>LED int\u00e9gr\u00e9es avec s\u00e9lection de 5CCT.<\/li>\r\n<li>Version RGBCW disponible.<\/li>\r\n<li>Certifi\u00e9 ETL : une qualit\u00e9 fiable et un fonctionnement s\u00fbr.<\/li>\r\n<li>Indice IP : IP65, convient aux endroits humides.<\/li>\r\n<\/ul>\r\n\r\n<p>\u00a0 \u00a0 \u00a0 \u00a0<img loading=\"lazy\" decoding=\"async\" class=\"alignnone size-full wp-image-1882\" src=\"https:\/\/solarlamp-led.com\/wp-content\/uploads\/2026\/04\/723ec1f4-9a03-4415-a075-058a883fd2f3-4.webp\" alt=\"\" width=\"300\" height=\"44\" \/><\/p>\r\n\r\n<p class=\"has-medium-font-size\"><strong>Sp\u00e9cification du produit :<\/strong><\/p>\r\n\r\n\r\n\r\n<figure class=\"wp-block-table\">\r\n<table class=\"has-fixed-layout\" style=\"height: 394px;\" width=\"695\">\r\n<tbody>\r\n<tr>\r\n<td>Mod\u00e8le<\/td>\r\n<td>JXL-BD36-AM24W-5CCT<\/td>\r\n<\/tr>\r\n<tr>\r\n<td>Puissance<\/td>\r\n<td>24Watts<\/td>\r\n<\/tr>\r\n<tr>\r\n<td>Tension d'entr\u00e9e<\/td>\r\n<td>AC100-277V, 50\/60Hz<\/td>\r\n<\/tr>\r\n<tr>\r\n<td>Flux lumineux<\/td>\r\n<td>900LM<\/td>\r\n<\/tr>\r\n<tr>\r\n<td>Temp\u00e9rature de couleur<\/td>\r\n<td>5CCT Tunable,27K\/30K\/35K\/40K\/50K<\/td>\r\n<\/tr>\r\n<tr>\r\n<td>Mat\u00e9riau<\/td>\r\n<td>Aluminium + PC<\/td>\r\n<\/tr>\r\n<tr>\r\n<td>Taux d'IP<\/td>\r\n<td>IP65<\/td>\r\n<\/tr>\r\n<tr>\r\n<td>Dimensions<\/td>\r\n<td>L910*89*58mm<\/td>\r\n<\/tr>\r\n<tr>\r\n<td>Dimmable<\/td>\r\n<td>Triac \u00e0 gradation<\/td>\r\n<\/tr>\r\n<tr>\r\n<td>Facteur de puissance<\/td>\r\n<td>&gt;0.9<\/td>\r\n<\/tr>\r\n<tr>\r\n<td>CRI<\/td>\r\n<td>&gt;80<\/td>\r\n<\/tr>\r\n<tr>\r\n<td>Couleur du bo\u00eetier<\/td>\r\n<td>Noir\/Marron bross\u00e9 \u00e0 l'huile<\/td>\r\n<\/tr>\r\n<tr>\r\n<td>Certificats<\/td>\r\n<td>ISO9001, CE, RoHs, ETL, cETL, FCC, ICES, IP65<\/td>\r\n<\/tr>\r\n<tr>\r\n<td>Garantie<\/td>\r\n<td>3 ans<\/td>\r\n<\/tr>\r\n<\/tbody>\r\n<\/table>\r\n<\/figure>\r\n\r\n\r\n\r\n<p class=\"has-medium-font-size\"><strong>D\u00e9tails du produit :<\/strong><\/p>\r\n\r\n\r\n\r\n\r\n\r\n<div class=\"wp-block-stackable-image stk-block-image stk-block stk-62e0bd0\" data-block-id=\"62e0bd0\">\r\n<figure><span class=\"stk-img-wrapper stk-image--shape-stretch\"><img loading=\"lazy\" decoding=\"async\" class=\"aligncenter wp-image-3334 size-full\" src=\"https:\/\/solarlamp-led.com\/wp-content\/uploads\/2026\/04\/001-3.webp\" alt=\"36&quot; Acrylic Linear Wall Lights\" width=\"1000\" height=\"1000\" srcset=\"https:\/\/solarlamp-led.com\/wp-content\/uploads\/2026\/04\/001-3.webp 1000w, https:\/\/solarlamp-led.com\/wp-content\/uploads\/2026\/04\/001-3-300x300.webp 300w, https:\/\/solarlamp-led.com\/wp-content\/uploads\/2026\/04\/001-3-150x150.webp 150w, https:\/\/solarlamp-led.com\/wp-content\/uploads\/2026\/04\/001-3-768x768.webp 768w, https:\/\/solarlamp-led.com\/wp-content\/uploads\/2026\/04\/001-3-600x600.webp 600w, https:\/\/solarlamp-led.com\/wp-content\/uploads\/2026\/04\/001-3-100x100.webp 100w\" sizes=\"auto, (max-width: 1000px) 100vw, 1000px\" \/> <\/span><\/figure>\r\n<figure><span class=\"stk-img-wrapper stk-image--shape-stretch\"><img loading=\"lazy\" decoding=\"async\" class=\"aligncenter wp-image-3335 size-full\" src=\"https:\/\/solarlamp-led.com\/wp-content\/uploads\/2026\/04\/02-78.webp\" alt=\"36&quot; Acrylic Linear Wall Lights\" width=\"1000\" height=\"563\" srcset=\"https:\/\/solarlamp-led.com\/wp-content\/uploads\/2026\/04\/02-78.webp 1000w, https:\/\/solarlamp-led.com\/wp-content\/uploads\/2026\/04\/02-78-300x169.webp 300w, https:\/\/solarlamp-led.com\/wp-content\/uploads\/2026\/04\/02-78-768x432.webp 768w, https:\/\/solarlamp-led.com\/wp-content\/uploads\/2026\/04\/02-78-600x338.webp 600w\" sizes=\"auto, (max-width: 1000px) 100vw, 1000px\" \/><\/span><\/figure>\r\n<\/div>\r\n<div class=\"wp-block-stackable-image stk-block-image stk-block stk-b3487dd\" data-block-id=\"b3487dd\">\r\n<figure><span class=\"stk-img-wrapper stk-image--shape-stretch\"><img loading=\"lazy\" decoding=\"async\" class=\"aligncenter wp-image-3336 size-full\" src=\"https:\/\/solarlamp-led.com\/wp-content\/uploads\/2026\/04\/03-83.webp\" alt=\"36&quot; Acrylic Linear Wall Lights\" width=\"1000\" height=\"1000\" srcset=\"https:\/\/solarlamp-led.com\/wp-content\/uploads\/2026\/04\/03-83.webp 1000w, https:\/\/solarlamp-led.com\/wp-content\/uploads\/2026\/04\/03-83-300x300.webp 300w, https:\/\/solarlamp-led.com\/wp-content\/uploads\/2026\/04\/03-83-150x150.webp 150w, https:\/\/solarlamp-led.com\/wp-content\/uploads\/2026\/04\/03-83-768x768.webp 768w, https:\/\/solarlamp-led.com\/wp-content\/uploads\/2026\/04\/03-83-600x600.webp 600w, https:\/\/solarlamp-led.com\/wp-content\/uploads\/2026\/04\/03-83-100x100.webp 100w\" sizes=\"auto, (max-width: 1000px) 100vw, 1000px\" \/><\/span><\/figure>\r\n<figure><span class=\"stk-img-wrapper stk-image--shape-stretch\"> <img loading=\"lazy\" decoding=\"async\" class=\"aligncenter wp-image-3337 size-full\" src=\"https:\/\/solarlamp-led.com\/wp-content\/uploads\/2026\/04\/04-79.webp\" alt=\"36&quot; Acrylic Linear Wall Lights\" width=\"1000\" height=\"1000\" srcset=\"https:\/\/solarlamp-led.com\/wp-content\/uploads\/2026\/04\/04-79.webp 1000w, https:\/\/solarlamp-led.com\/wp-content\/uploads\/2026\/04\/04-79-300x300.webp 300w, https:\/\/solarlamp-led.com\/wp-content\/uploads\/2026\/04\/04-79-150x150.webp 150w, https:\/\/solarlamp-led.com\/wp-content\/uploads\/2026\/04\/04-79-768x768.webp 768w, https:\/\/solarlamp-led.com\/wp-content\/uploads\/2026\/04\/04-79-600x600.webp 600w, https:\/\/solarlamp-led.com\/wp-content\/uploads\/2026\/04\/04-79-100x100.webp 100w\" sizes=\"auto, (max-width: 1000px) 100vw, 1000px\" \/> <\/span><\/figure>\r\n<figure><span class=\"stk-img-wrapper stk-image--shape-stretch\"><img loading=\"lazy\" decoding=\"async\" class=\"aligncenter wp-image-3338 size-full\" src=\"https:\/\/solarlamp-led.com\/wp-content\/uploads\/2026\/04\/05-69.webp\" alt=\"36&quot; Acrylic Linear Wall Lights\" width=\"1000\" height=\"626\" srcset=\"https:\/\/solarlamp-led.com\/wp-content\/uploads\/2026\/04\/05-69.webp 1000w, https:\/\/solarlamp-led.com\/wp-content\/uploads\/2026\/04\/05-69-300x188.webp 300w, https:\/\/solarlamp-led.com\/wp-content\/uploads\/2026\/04\/05-69-768x481.webp 768w, https:\/\/solarlamp-led.com\/wp-content\/uploads\/2026\/04\/05-69-600x376.webp 600w\" sizes=\"auto, (max-width: 1000px) 100vw, 1000px\" \/><\/span><\/figure>\r\n<figure><span class=\"stk-img-wrapper stk-image--shape-stretch\"> <img loading=\"lazy\" decoding=\"async\" class=\"aligncenter wp-image-3339 size-full\" src=\"https:\/\/solarlamp-led.com\/wp-content\/uploads\/2026\/04\/06-74.webp\" alt=\"36&quot; Acrylic Linear Wall Lights\" width=\"1000\" height=\"1000\" srcset=\"https:\/\/solarlamp-led.com\/wp-content\/uploads\/2026\/04\/06-74.webp 1000w, https:\/\/solarlamp-led.com\/wp-content\/uploads\/2026\/04\/06-74-300x300.webp 300w, https:\/\/solarlamp-led.com\/wp-content\/uploads\/2026\/04\/06-74-150x150.webp 150w, https:\/\/solarlamp-led.com\/wp-content\/uploads\/2026\/04\/06-74-768x768.webp 768w, https:\/\/solarlamp-led.com\/wp-content\/uploads\/2026\/04\/06-74-600x600.webp 600w, https:\/\/solarlamp-led.com\/wp-content\/uploads\/2026\/04\/06-74-100x100.webp 100w\" sizes=\"auto, (max-width: 1000px) 100vw, 1000px\" \/><\/span><\/figure>\r\n<figure><span class=\"stk-img-wrapper stk-image--shape-stretch\"> <img loading=\"lazy\" decoding=\"async\" class=\"aligncenter wp-image-3340 size-full\" src=\"https:\/\/solarlamp-led.com\/wp-content\/uploads\/2026\/04\/07-57.webp\" alt=\"36&quot; Acrylic Linear Wall Lights\" width=\"1000\" height=\"1000\" srcset=\"https:\/\/solarlamp-led.com\/wp-content\/uploads\/2026\/04\/07-57.webp 1000w, https:\/\/solarlamp-led.com\/wp-content\/uploads\/2026\/04\/07-57-300x300.webp 300w, https:\/\/solarlamp-led.com\/wp-content\/uploads\/2026\/04\/07-57-150x150.webp 150w, https:\/\/solarlamp-led.com\/wp-content\/uploads\/2026\/04\/07-57-768x768.webp 768w, https:\/\/solarlamp-led.com\/wp-content\/uploads\/2026\/04\/07-57-600x600.webp 600w, https:\/\/solarlamp-led.com\/wp-content\/uploads\/2026\/04\/07-57-100x100.webp 100w\" sizes=\"auto, (max-width: 1000px) 100vw, 1000px\" \/><\/span><\/figure>\r\n<figure><span class=\"stk-img-wrapper stk-image--shape-stretch\"> <img loading=\"lazy\" decoding=\"async\" class=\"aligncenter wp-image-3341 size-full\" src=\"https:\/\/solarlamp-led.com\/wp-content\/uploads\/2026\/04\/08-50.webp\" alt=\"36&quot; Acrylic Linear Wall Lights\" width=\"1000\" height=\"1000\" srcset=\"https:\/\/solarlamp-led.com\/wp-content\/uploads\/2026\/04\/08-50.webp 1000w, https:\/\/solarlamp-led.com\/wp-content\/uploads\/2026\/04\/08-50-300x300.webp 300w, https:\/\/solarlamp-led.com\/wp-content\/uploads\/2026\/04\/08-50-150x150.webp 150w, https:\/\/solarlamp-led.com\/wp-content\/uploads\/2026\/04\/08-50-768x768.webp 768w, https:\/\/solarlamp-led.com\/wp-content\/uploads\/2026\/04\/08-50-600x600.webp 600w, https:\/\/solarlamp-led.com\/wp-content\/uploads\/2026\/04\/08-50-100x100.webp 100w\" sizes=\"auto, (max-width: 1000px) 100vw, 1000px\" \/> <\/span><\/figure>\r\n<figure><span class=\"stk-img-wrapper stk-image--shape-stretch\"><img loading=\"lazy\" decoding=\"async\" class=\"aligncenter wp-image-3342 size-full\" src=\"https:\/\/solarlamp-led.com\/wp-content\/uploads\/2026\/04\/09-38.webp\" alt=\"36&quot; Acrylic Linear Wall Lights\" width=\"1000\" height=\"1000\" srcset=\"https:\/\/solarlamp-led.com\/wp-content\/uploads\/2026\/04\/09-38.webp 1000w, https:\/\/solarlamp-led.com\/wp-content\/uploads\/2026\/04\/09-38-300x300.webp 300w, https:\/\/solarlamp-led.com\/wp-content\/uploads\/2026\/04\/09-38-150x150.webp 150w, https:\/\/solarlamp-led.com\/wp-content\/uploads\/2026\/04\/09-38-768x768.webp 768w, https:\/\/solarlamp-led.com\/wp-content\/uploads\/2026\/04\/09-38-600x600.webp 600w, https:\/\/solarlamp-led.com\/wp-content\/uploads\/2026\/04\/09-38-100x100.webp 100w\" sizes=\"auto, (max-width: 1000px) 100vw, 1000px\" \/><br \/><img loading=\"lazy\" decoding=\"async\" class=\"aligncenter wp-image-3343 size-full\" src=\"https:\/\/solarlamp-led.com\/wp-content\/uploads\/2026\/04\/10-20.webp\" alt=\"36&quot; Acrylic Linear Wall Lights\" width=\"1000\" height=\"1000\" srcset=\"https:\/\/solarlamp-led.com\/wp-content\/uploads\/2026\/04\/10-20.webp 1000w, https:\/\/solarlamp-led.com\/wp-content\/uploads\/2026\/04\/10-20-300x300.webp 300w, https:\/\/solarlamp-led.com\/wp-content\/uploads\/2026\/04\/10-20-150x150.webp 150w, https:\/\/solarlamp-led.com\/wp-content\/uploads\/2026\/04\/10-20-768x768.webp 768w, https:\/\/solarlamp-led.com\/wp-content\/uploads\/2026\/04\/10-20-600x600.webp 600w, https:\/\/solarlamp-led.com\/wp-content\/uploads\/2026\/04\/10-20-100x100.webp 100w\" sizes=\"auto, (max-width: 1000px) 100vw, 1000px\" \/><\/span><\/figure>\r\n<figure><span class=\"stk-img-wrapper stk-image--shape-stretch\"><img loading=\"lazy\" decoding=\"async\" class=\"aligncenter wp-image-3344 size-full\" src=\"https:\/\/solarlamp-led.com\/wp-content\/uploads\/2026\/04\/11-12.webp\" alt=\"36&quot; Acrylic Linear Wall Lights\" width=\"1000\" height=\"429\" srcset=\"https:\/\/solarlamp-led.com\/wp-content\/uploads\/2026\/04\/11-12.webp 1000w, https:\/\/solarlamp-led.com\/wp-content\/uploads\/2026\/04\/11-12-300x129.webp 300w, https:\/\/solarlamp-led.com\/wp-content\/uploads\/2026\/04\/11-12-768x329.webp 768w, https:\/\/solarlamp-led.com\/wp-content\/uploads\/2026\/04\/11-12-600x257.webp 600w\" sizes=\"auto, (max-width: 1000px) 100vw, 1000px\" \/><\/span><\/figure>\r\n<\/div>\r\n<p><span class=\"stk-img-wrapper stk-image--shape-stretch\"><strong>Caract\u00e9ristiques et avantages<\/strong><\/span><\/p>\r\n<div class=\"wp-block-stackable-image stk-block-image stk-block stk-5dd4238\" data-block-id=\"5dd4238\">\r\n<figure>\r\n<ul>\r\n<li>Aspect : Conception \u00e9l\u00e9gante, de haute qualit\u00e9 et \u00e0 la mode, avec un aspect unique, plus facile \u00e0 commercialiser.\u00a0<\/li>\r\n<li>Mat\u00e9riaux :Cadre en aluminium imperm\u00e9able \u00e0 l'eau, avec poudre antirouille.<\/li>\r\n<li>Peinture : Poudre antir\u00e9sistante et anticorrosion, la couleur de la fixation reste la m\u00eame apr\u00e8s de nombreuses ann\u00e9es d'utilisation.<\/li>\r\n<li>\u00c9tanch\u00e9it\u00e9 : conception IP65 pour la pluie et la neige, garantissant la protection de l'appareil contre tous les \u00e9l\u00e9ments m\u00e9t\u00e9orologiques.<\/li>\r\n<li>Certifications : S\u00e9curit\u00e9ETL , cETL Listed - Conforme \u00e0 la norme \u00e9lectrique am\u00e9ricaine.<\/li>\r\n<li>Installation:La plaque de montage correspond \u00e0 la bo\u00eete de jonction standard am\u00e9ricaine de 4\u201d, facile \u00e0 installer.<\/li>\r\n<li>Applications : Id\u00e9al pour la d\u00e9coration ext\u00e9rieure de votre jardin, couloir, patio, balcon, villa, all\u00e9e, piliers.<\/li>\r\n<\/ul>\r\n<\/figure>\r\n<\/div>","protected":false},"excerpt":{"rendered":"<p>Model: JXL-BD36-AM24W-5CCT<\/p>\n<p>Puissance : 24Watts en entr\u00e9e<\/p>\n<p>Tension : AC100-277V, 50\/60Hz Luminosit\u00e9<\/p>\n<p>Flux: 900LM Color<\/p>\n<p>Temp: 5CCT Tunable, 27K\/30K\/35K\/40K\/50K<\/p>\n<p>Material: Aluminium + PC IP<\/p>\n<p>Rate: IP65<\/p>\n<p>Dimensions: L910<i data-path-to-node=\"0\" data-index-in-node=\"201\">89<\/i>58mm<\/p>\n<p>Dimmable : Dimmable par Triac Puissance<\/p>\n<p>Facteur : &gt;0,9 IRC : &gt;80 Bo\u00eetier<\/p>\n<p>Couleur : Noir\/Marron bross\u00e9 \u00e0 l'huile<\/p>\n<p>Certificats : ISO9001, CE, RoHs, ETL, cETL, FCC, ICES, IP65<\/p>\n<p>Garantie : 3 ans<\/p>","protected":false},"featured_media":3333,"comment_status":"closed","ping_status":"closed","template":"","meta":[],"product_brand":[],"product_cat":[38],"product_tag":[147],"class_list":{"0":"post-3332","1":"product","2":"type-product","3":"status-publish","4":"has-post-thumbnail","6":"product_cat-100-277v-wall-lights","7":"product_tag-36-acrylic-linear-wall-lights","9":"first","10":"instock","11":"shipping-taxable","12":"product-type-simple"},"_links":{"self":[{"href":"https:\/\/solarlamp-led.com\/fr\/wp-json\/wp\/v2\/product\/3332","targetHints":{"allow":["GET"]}}],"collection":[{"href":"https:\/\/solarlamp-led.com\/fr\/wp-json\/wp\/v2\/product"}],"about":[{"href":"https:\/\/solarlamp-led.com\/fr\/wp-json\/wp\/v2\/types\/product"}],"replies":[{"embeddable":true,"href":"https:\/\/solarlamp-led.com\/fr\/wp-json\/wp\/v2\/comments?post=3332"}],"wp:featuredmedia":[{"embeddable":true,"href":"https:\/\/solarlamp-led.com\/fr\/wp-json\/wp\/v2\/media\/3333"}],"wp:attachment":[{"href":"https:\/\/solarlamp-led.com\/fr\/wp-json\/wp\/v2\/media?parent=3332"}],"wp:term":[{"taxonomy":"product_brand","embeddable":true,"href":"https:\/\/solarlamp-led.com\/fr\/wp-json\/wp\/v2\/product_brand?post=3332"},{"taxonomy":"product_cat","embeddable":true,"href":"https:\/\/solarlamp-led.com\/fr\/wp-json\/wp\/v2\/product_cat?post=3332"},{"taxonomy":"product_tag","embeddable":true,"href":"https:\/\/solarlamp-led.com\/fr\/wp-json\/wp\/v2\/product_tag?post=3332"}],"curies":[{"name":"wp","href":"https:\/\/api.w.org\/{rel}","templated":true}]}}