{"id":3318,"date":"2026-04-30T16:38:03","date_gmt":"2026-04-30T08:38:03","guid":{"rendered":"http:\/\/blog.quegewp.cn\/?post_type=product&#038;p=3318"},"modified":"2026-04-30T17:04:34","modified_gmt":"2026-04-30T09:04:34","slug":"24-acrylic-linear-wall-lights","status":"publish","type":"product","link":"https:\/\/solarlamp-led.com\/es\/producto\/24-acrylic-linear-wall-lights\/","title":{"rendered":"Apliques lineales de acr\u00edlico de 24"},"content":{"rendered":"<p>Goldsuno LED Linear Wall Light Series disponible en 16\u2033, 24\u2033 &amp; 36\u2033 para choice.Adopts un dise\u00f1o elegante y simple apariencia, lo que a\u00f1ade un sentido moderno a la pared del edificio, presenta un efecto de iluminaci\u00f3n \u00fanica cuando la iluminaci\u00f3n, creando un ambiente c\u00e1lido tanto en interiores como al aire libre.It es grande ideal para su jard\u00edn, pasillo, patio, cualquier aplicaci\u00f3n m\u00e1s exterior.<\/p>\r\n\r\n\r\n\r\n<p>Caracter\u00edsticas del producto:<\/p>\r\n<ul>\r\n<li>Tensi\u00f3n: AC 100-277V.<\/li>\r\n<li>LEDs incorporados con 5CCT seleccionables.<\/li>\r\n<li>Versi\u00f3n RGBCW disponible.<\/li>\r\n<li>Certificaci\u00f3n ETL: calidad fiable y funcionamiento seguro.<\/li>\r\n<li>Clasificaci\u00f3n IP: IP65, apto para lugares h\u00famedos.<\/li>\r\n<\/ul>\r\n\r\n<p>\u00a0 \u00a0 \u00a0 \u00a0<img loading=\"lazy\" decoding=\"async\" class=\"alignnone size-full wp-image-1882\" src=\"https:\/\/solarlamp-led.com\/wp-content\/uploads\/2026\/04\/723ec1f4-9a03-4415-a075-058a883fd2f3-4.webp\" alt=\"\" width=\"300\" height=\"44\" \/><\/p>\r\n\r\n<p class=\"has-medium-font-size\"><strong>Especificaci\u00f3n del producto:<\/strong><\/p>\r\n\r\n\r\n\r\n<figure class=\"wp-block-table\">\r\n<table class=\"has-fixed-layout\" style=\"height: 394px;\" width=\"695\">\r\n<tbody>\r\n<tr>\r\n<td>Modelo<\/td>\r\n<td>JXL-BD24-AM20W-5CCT<\/td>\r\n<\/tr>\r\n<tr>\r\n<td>Vatios<\/td>\r\n<td>24 vatios<\/td>\r\n<\/tr>\r\n<tr>\r\n<td>Tensi\u00f3n de entrada<\/td>\r\n<td>AC100-277V, 50\/60Hz<\/td>\r\n<\/tr>\r\n<tr>\r\n<td>Flujo luminoso<\/td>\r\n<td>700LM<\/td>\r\n<\/tr>\r\n<tr>\r\n<td>Temperatura de color<\/td>\r\n<td>5CCT Tunable,27K\/30K\/35K\/40K\/50K<\/td>\r\n<\/tr>\r\n<tr>\r\n<td>Material<\/td>\r\n<td>Aluminio + PC<\/td>\r\n<\/tr>\r\n<tr>\r\n<td>Tasa IP<\/td>\r\n<td>IP65<\/td>\r\n<\/tr>\r\n<tr>\r\n<td>Dimensiones<\/td>\r\n<td>L610*89*58mm<\/td>\r\n<\/tr>\r\n<tr>\r\n<td>Regulable<\/td>\r\n<td>Triac regulable<\/td>\r\n<\/tr>\r\n<tr>\r\n<td>Factor de potencia<\/td>\r\n<td>&gt;0.9<\/td>\r\n<\/tr>\r\n<tr>\r\n<td>CRI<\/td>\r\n<td>&gt;80<\/td>\r\n<\/tr>\r\n<tr>\r\n<td>Color de la carcasa<\/td>\r\n<td>Negro\/marr\u00f3n cepillado<\/td>\r\n<\/tr>\r\n<tr>\r\n<td>Certificados<\/td>\r\n<td>ISO9001,CE,RoHs,ETL,cETL,FCC,ICES,IP65<\/td>\r\n<\/tr>\r\n<tr>\r\n<td>Garant\u00eda<\/td>\r\n<td>3 a\u00f1os<\/td>\r\n<\/tr>\r\n<\/tbody>\r\n<\/table>\r\n<\/figure>\r\n\r\n\r\n\r\n<p class=\"has-medium-font-size\"><strong>Detalles del producto:<\/strong><\/p>\r\n\r\n\r\n\r\n\r\n\r\n<div class=\"wp-block-stackable-image stk-block-image stk-block stk-62e0bd0\" data-block-id=\"62e0bd0\">\r\n<figure><span class=\"stk-img-wrapper stk-image--shape-stretch\"><img loading=\"lazy\" decoding=\"async\" class=\"aligncenter wp-image-3320 size-full\" src=\"https:\/\/solarlamp-led.com\/wp-content\/uploads\/2026\/04\/001-2.webp\" alt=\"24&quot; Acrylic Linear Wall Lights\" width=\"1000\" height=\"1000\" srcset=\"https:\/\/solarlamp-led.com\/wp-content\/uploads\/2026\/04\/001-2.webp 1000w, https:\/\/solarlamp-led.com\/wp-content\/uploads\/2026\/04\/001-2-300x300.webp 300w, https:\/\/solarlamp-led.com\/wp-content\/uploads\/2026\/04\/001-2-150x150.webp 150w, https:\/\/solarlamp-led.com\/wp-content\/uploads\/2026\/04\/001-2-768x768.webp 768w, https:\/\/solarlamp-led.com\/wp-content\/uploads\/2026\/04\/001-2-600x600.webp 600w, https:\/\/solarlamp-led.com\/wp-content\/uploads\/2026\/04\/001-2-100x100.webp 100w\" sizes=\"auto, (max-width: 1000px) 100vw, 1000px\" \/><\/span><\/figure>\r\n<figure><span class=\"stk-img-wrapper stk-image--shape-stretch\"> <img loading=\"lazy\" decoding=\"async\" class=\"aligncenter wp-image-3321 size-full\" src=\"https:\/\/solarlamp-led.com\/wp-content\/uploads\/2026\/04\/02-77.webp\" alt=\"24&quot; Acrylic Linear Wall Lights\" width=\"1000\" height=\"563\" srcset=\"https:\/\/solarlamp-led.com\/wp-content\/uploads\/2026\/04\/02-77.webp 1000w, https:\/\/solarlamp-led.com\/wp-content\/uploads\/2026\/04\/02-77-300x169.webp 300w, https:\/\/solarlamp-led.com\/wp-content\/uploads\/2026\/04\/02-77-768x432.webp 768w, https:\/\/solarlamp-led.com\/wp-content\/uploads\/2026\/04\/02-77-600x338.webp 600w\" sizes=\"auto, (max-width: 1000px) 100vw, 1000px\" \/><\/span><\/figure>\r\n<\/div>\r\n<div class=\"wp-block-stackable-image stk-block-image stk-block stk-b3487dd\" style=\"text-align: left;\" data-block-id=\"b3487dd\">\r\n<figure><span class=\"stk-img-wrapper stk-image--shape-stretch\">\u00a0<\/span><\/figure>\r\n<figure><span class=\"stk-img-wrapper stk-image--shape-stretch\"> <img loading=\"lazy\" decoding=\"async\" class=\"aligncenter wp-image-3322 size-full\" src=\"https:\/\/solarlamp-led.com\/wp-content\/uploads\/2026\/04\/03-82.webp\" alt=\"24&quot; Acrylic Linear Wall Lights\" width=\"1000\" height=\"1000\" srcset=\"https:\/\/solarlamp-led.com\/wp-content\/uploads\/2026\/04\/03-82.webp 1000w, https:\/\/solarlamp-led.com\/wp-content\/uploads\/2026\/04\/03-82-300x300.webp 300w, https:\/\/solarlamp-led.com\/wp-content\/uploads\/2026\/04\/03-82-150x150.webp 150w, https:\/\/solarlamp-led.com\/wp-content\/uploads\/2026\/04\/03-82-768x768.webp 768w, https:\/\/solarlamp-led.com\/wp-content\/uploads\/2026\/04\/03-82-600x600.webp 600w, https:\/\/solarlamp-led.com\/wp-content\/uploads\/2026\/04\/03-82-100x100.webp 100w\" sizes=\"auto, (max-width: 1000px) 100vw, 1000px\" \/><\/span><\/figure>\r\n<figure><span class=\"stk-img-wrapper stk-image--shape-stretch\"> <img loading=\"lazy\" decoding=\"async\" class=\"aligncenter wp-image-3323 size-full\" src=\"https:\/\/solarlamp-led.com\/wp-content\/uploads\/2026\/04\/04-78.webp\" alt=\"24&quot; Acrylic Linear Wall Lights\" width=\"1000\" height=\"1000\" srcset=\"https:\/\/solarlamp-led.com\/wp-content\/uploads\/2026\/04\/04-78.webp 1000w, https:\/\/solarlamp-led.com\/wp-content\/uploads\/2026\/04\/04-78-300x300.webp 300w, https:\/\/solarlamp-led.com\/wp-content\/uploads\/2026\/04\/04-78-150x150.webp 150w, https:\/\/solarlamp-led.com\/wp-content\/uploads\/2026\/04\/04-78-768x768.webp 768w, https:\/\/solarlamp-led.com\/wp-content\/uploads\/2026\/04\/04-78-600x600.webp 600w, https:\/\/solarlamp-led.com\/wp-content\/uploads\/2026\/04\/04-78-100x100.webp 100w\" sizes=\"auto, (max-width: 1000px) 100vw, 1000px\" \/> <\/span><\/figure>\r\n<figure><span class=\"stk-img-wrapper stk-image--shape-stretch\"><img loading=\"lazy\" decoding=\"async\" class=\"aligncenter wp-image-3324 size-full\" src=\"https:\/\/solarlamp-led.com\/wp-content\/uploads\/2026\/04\/05-68.webp\" alt=\"24&quot; Acrylic Linear Wall Lights\" width=\"1000\" height=\"626\" srcset=\"https:\/\/solarlamp-led.com\/wp-content\/uploads\/2026\/04\/05-68.webp 1000w, https:\/\/solarlamp-led.com\/wp-content\/uploads\/2026\/04\/05-68-300x188.webp 300w, https:\/\/solarlamp-led.com\/wp-content\/uploads\/2026\/04\/05-68-768x481.webp 768w, https:\/\/solarlamp-led.com\/wp-content\/uploads\/2026\/04\/05-68-600x376.webp 600w\" sizes=\"auto, (max-width: 1000px) 100vw, 1000px\" \/><br \/><\/span><\/figure>\r\n<figure><span class=\"stk-img-wrapper stk-image--shape-stretch\"><img loading=\"lazy\" decoding=\"async\" class=\"aligncenter wp-image-3325 size-full\" src=\"https:\/\/solarlamp-led.com\/wp-content\/uploads\/2026\/04\/06-73.webp\" alt=\"24&quot; Acrylic Linear Wall Lights\" width=\"1000\" height=\"1000\" srcset=\"https:\/\/solarlamp-led.com\/wp-content\/uploads\/2026\/04\/06-73.webp 1000w, https:\/\/solarlamp-led.com\/wp-content\/uploads\/2026\/04\/06-73-300x300.webp 300w, https:\/\/solarlamp-led.com\/wp-content\/uploads\/2026\/04\/06-73-150x150.webp 150w, https:\/\/solarlamp-led.com\/wp-content\/uploads\/2026\/04\/06-73-768x768.webp 768w, https:\/\/solarlamp-led.com\/wp-content\/uploads\/2026\/04\/06-73-600x600.webp 600w, https:\/\/solarlamp-led.com\/wp-content\/uploads\/2026\/04\/06-73-100x100.webp 100w\" sizes=\"auto, (max-width: 1000px) 100vw, 1000px\" \/> <\/span><\/figure>\r\n<figure><span class=\"stk-img-wrapper stk-image--shape-stretch\"><img loading=\"lazy\" decoding=\"async\" class=\"aligncenter wp-image-3326 size-full\" src=\"https:\/\/solarlamp-led.com\/wp-content\/uploads\/2026\/04\/07-56.webp\" alt=\"24&quot; Acrylic Linear Wall Lights\" width=\"1000\" height=\"1000\" srcset=\"https:\/\/solarlamp-led.com\/wp-content\/uploads\/2026\/04\/07-56.webp 1000w, https:\/\/solarlamp-led.com\/wp-content\/uploads\/2026\/04\/07-56-300x300.webp 300w, https:\/\/solarlamp-led.com\/wp-content\/uploads\/2026\/04\/07-56-150x150.webp 150w, https:\/\/solarlamp-led.com\/wp-content\/uploads\/2026\/04\/07-56-768x768.webp 768w, https:\/\/solarlamp-led.com\/wp-content\/uploads\/2026\/04\/07-56-600x600.webp 600w, https:\/\/solarlamp-led.com\/wp-content\/uploads\/2026\/04\/07-56-100x100.webp 100w\" sizes=\"auto, (max-width: 1000px) 100vw, 1000px\" \/> <\/span><\/figure>\r\n<figure><span class=\"stk-img-wrapper stk-image--shape-stretch\"><img loading=\"lazy\" decoding=\"async\" class=\"aligncenter wp-image-3327 size-full\" src=\"https:\/\/solarlamp-led.com\/wp-content\/uploads\/2026\/04\/08-49.webp\" alt=\"24&quot; Acrylic Linear Wall Lights\" width=\"1000\" height=\"1000\" srcset=\"https:\/\/solarlamp-led.com\/wp-content\/uploads\/2026\/04\/08-49.webp 1000w, https:\/\/solarlamp-led.com\/wp-content\/uploads\/2026\/04\/08-49-300x300.webp 300w, https:\/\/solarlamp-led.com\/wp-content\/uploads\/2026\/04\/08-49-150x150.webp 150w, https:\/\/solarlamp-led.com\/wp-content\/uploads\/2026\/04\/08-49-768x768.webp 768w, https:\/\/solarlamp-led.com\/wp-content\/uploads\/2026\/04\/08-49-600x600.webp 600w, https:\/\/solarlamp-led.com\/wp-content\/uploads\/2026\/04\/08-49-100x100.webp 100w\" sizes=\"auto, (max-width: 1000px) 100vw, 1000px\" \/><\/span><\/figure>\r\n<figure><span class=\"stk-img-wrapper stk-image--shape-stretch\"> <img loading=\"lazy\" decoding=\"async\" class=\"aligncenter wp-image-3328 size-full\" src=\"https:\/\/solarlamp-led.com\/wp-content\/uploads\/2026\/04\/09-37.webp\" alt=\"24&quot; Acrylic Linear Wall Lights\" width=\"1000\" height=\"1000\" srcset=\"https:\/\/solarlamp-led.com\/wp-content\/uploads\/2026\/04\/09-37.webp 1000w, https:\/\/solarlamp-led.com\/wp-content\/uploads\/2026\/04\/09-37-300x300.webp 300w, https:\/\/solarlamp-led.com\/wp-content\/uploads\/2026\/04\/09-37-150x150.webp 150w, https:\/\/solarlamp-led.com\/wp-content\/uploads\/2026\/04\/09-37-768x768.webp 768w, https:\/\/solarlamp-led.com\/wp-content\/uploads\/2026\/04\/09-37-600x600.webp 600w, https:\/\/solarlamp-led.com\/wp-content\/uploads\/2026\/04\/09-37-100x100.webp 100w\" sizes=\"auto, (max-width: 1000px) 100vw, 1000px\" \/><br \/><\/span><\/figure>\r\n<figure><span class=\"stk-img-wrapper stk-image--shape-stretch\"><img loading=\"lazy\" decoding=\"async\" class=\"aligncenter wp-image-3329 size-full\" src=\"https:\/\/solarlamp-led.com\/wp-content\/uploads\/2026\/04\/10-19.webp\" alt=\"24&quot; Acrylic Linear Wall Lights\" width=\"1000\" height=\"1000\" srcset=\"https:\/\/solarlamp-led.com\/wp-content\/uploads\/2026\/04\/10-19.webp 1000w, https:\/\/solarlamp-led.com\/wp-content\/uploads\/2026\/04\/10-19-300x300.webp 300w, https:\/\/solarlamp-led.com\/wp-content\/uploads\/2026\/04\/10-19-150x150.webp 150w, https:\/\/solarlamp-led.com\/wp-content\/uploads\/2026\/04\/10-19-768x768.webp 768w, https:\/\/solarlamp-led.com\/wp-content\/uploads\/2026\/04\/10-19-600x600.webp 600w, https:\/\/solarlamp-led.com\/wp-content\/uploads\/2026\/04\/10-19-100x100.webp 100w\" sizes=\"auto, (max-width: 1000px) 100vw, 1000px\" \/> <\/span><\/figure>\r\n<figure><span class=\"stk-img-wrapper stk-image--shape-stretch\"><img loading=\"lazy\" decoding=\"async\" class=\"aligncenter wp-image-3330 size-full\" src=\"https:\/\/solarlamp-led.com\/wp-content\/uploads\/2026\/04\/11-11.webp\" alt=\"24&quot; Acrylic Linear Wall Lights\" width=\"1000\" height=\"429\" srcset=\"https:\/\/solarlamp-led.com\/wp-content\/uploads\/2026\/04\/11-11.webp 1000w, https:\/\/solarlamp-led.com\/wp-content\/uploads\/2026\/04\/11-11-300x129.webp 300w, https:\/\/solarlamp-led.com\/wp-content\/uploads\/2026\/04\/11-11-768x329.webp 768w, https:\/\/solarlamp-led.com\/wp-content\/uploads\/2026\/04\/11-11-600x257.webp 600w\" sizes=\"auto, (max-width: 1000px) 100vw, 1000px\" \/><br \/><\/span><\/figure>\r\n<p><span class=\"stk-img-wrapper stk-image--shape-stretch\"><strong>Grandes prestaciones y ventajas<\/strong><\/span><\/p>\r\n<ul>\r\n<li>Apariencia: De moda y de alta calidad y elegante dise\u00f1o, con apariencia \u00fanica, m\u00e1s f\u00e1cil para la comercializaci\u00f3n.\u00a0<\/li>\r\n<li>Materiales :Marco de aluminio impermeable,con polvo antioxidante.<\/li>\r\n<li>Pintura: Polvo resistente y anticorrosi\u00f3n, el color del accesorio se mantiene igual despu\u00e9s de muchos a\u00f1os de uso.<\/li>\r\n<li>Impermeable : El dise\u00f1o IP65 para lluvia y nieve garantiza la protecci\u00f3n de la luminaria contra todos los elementos meteorol\u00f3gicos.<\/li>\r\n<li>Certificaciones : SafetyETL , cETL Listed - Cumple la norma el\u00e9ctrica americana.<\/li>\r\n<li>Instalaci\u00f3n: La placa de montaje cumple con 4 \u201dUS est\u00e1ndar de la caja de conexiones, f\u00e1cil para la instalaci\u00f3n.<\/li>\r\n<li>Aplicaciones : Ideal para decorar su jard\u00edn, pasillo, patio, balc\u00f3n, chalet, pasarela, pilares.<\/li>\r\n<\/ul>\r\n<\/div>","protected":false},"excerpt":{"rendered":"<p>Modelo: JXL-BD24-AM20W-5CCT<\/p>\n<p>Potencia: 24 vatios de entrada<\/p>\n<p>Voltaje: AC100-277V, 50\/60Hz Luminosidad<\/p>\n<p>Flujo: 700LM Temperatura de color: 5CCT sintonizable, 27K\/30K\/35K\/40K\/50K<\/p>\n<p>Material: Aluminio + PC \u00cdndice IP: IP65<\/p>\n<p>Dimensiones: L610<i data-path-to-node=\"0\" data-index-in-node=\"201\">89<\/i>58 mm<\/p>\n<p>Regulable: Triac regulable Potencia<\/p>\n<p>Factor: &gt;0,9 CRI: &gt;80 Carcasa<\/p>\n<p>Color: negro\/marr\u00f3n cepillado<\/p>\n<p>Certificados: ISO9001, CE, RoHs, ETL, cETL, FCC, ICES, IP65<\/p>\n<p>Garant\u00eda: 3 a\u00f1os<\/p>","protected":false},"featured_media":3319,"comment_status":"closed","ping_status":"closed","template":"","meta":[],"product_brand":[],"product_cat":[38],"product_tag":[146],"class_list":{"0":"post-3318","1":"product","2":"type-product","3":"status-publish","4":"has-post-thumbnail","6":"product_cat-100-277v-wall-lights","7":"product_tag-24-acrylic-linear-wall-lights","9":"first","10":"instock","11":"shipping-taxable","12":"product-type-simple"},"_links":{"self":[{"href":"https:\/\/solarlamp-led.com\/es\/wp-json\/wp\/v2\/product\/3318","targetHints":{"allow":["GET"]}}],"collection":[{"href":"https:\/\/solarlamp-led.com\/es\/wp-json\/wp\/v2\/product"}],"about":[{"href":"https:\/\/solarlamp-led.com\/es\/wp-json\/wp\/v2\/types\/product"}],"replies":[{"embeddable":true,"href":"https:\/\/solarlamp-led.com\/es\/wp-json\/wp\/v2\/comments?post=3318"}],"wp:featuredmedia":[{"embeddable":true,"href":"https:\/\/solarlamp-led.com\/es\/wp-json\/wp\/v2\/media\/3319"}],"wp:attachment":[{"href":"https:\/\/solarlamp-led.com\/es\/wp-json\/wp\/v2\/media?parent=3318"}],"wp:term":[{"taxonomy":"product_brand","embeddable":true,"href":"https:\/\/solarlamp-led.com\/es\/wp-json\/wp\/v2\/product_brand?post=3318"},{"taxonomy":"product_cat","embeddable":true,"href":"https:\/\/solarlamp-led.com\/es\/wp-json\/wp\/v2\/product_cat?post=3318"},{"taxonomy":"product_tag","embeddable":true,"href":"https:\/\/solarlamp-led.com\/es\/wp-json\/wp\/v2\/product_tag?post=3318"}],"curies":[{"name":"wp","href":"https:\/\/api.w.org\/{rel}","templated":true}]}}