{"id":3304,"date":"2026-04-30T14:20:31","date_gmt":"2026-04-30T06:20:31","guid":{"rendered":"http:\/\/blog.quegewp.cn\/?post_type=product&#038;p=3304"},"modified":"2026-04-30T16:33:53","modified_gmt":"2026-04-30T08:33:53","slug":"16-acrylic-linear-wall-lights","status":"publish","type":"product","link":"https:\/\/solarlamp-led.com\/de\/produkt\/16-acrylic-linear-wall-lights\/","title":{"rendered":"16\u2033 Acryl Linear Wandleuchten"},"content":{"rendered":"<p>Goldsuno LED lineare Wandleuchte Serie in 16\u2033, 24\u2033 &amp; 36\u2033 f\u00fcr choice.Adopts ein stilvolles und einfaches Aussehen Design, das einen modernen Sinn f\u00fcr die Geb\u00e4udewand hinzuf\u00fcgt, pr\u00e4sentiert einen einzigartigen Lichteffekt bei der Beleuchtung, die Schaffung einer warmen Atmosph\u00e4re sowohl drinnen als auch outdoors.It ist ideal f\u00fcr Ihren Garten, Flur, Terrasse, jede weitere Au\u00dfenanwendung.<\/p>\r\n\r\n\r\n\r\n<p>Produktmerkmale:<\/p>\r\n\r\n\r\n\r\n<ul class=\"wp-block-list\">\r\n<li>Voltage: AC 100-277V<\/li>\r\n\r\n\r\n\r\n<li>Eingebaute LEDs mit 5CCT w\u00e4hlbar.<\/li>\r\n\r\n\r\n\r\n<li>RGBCW-Version verf\u00fcgbar.<\/li>\r\n\r\n\r\n\r\n<li>ETL-gelistet: zuverl\u00e4ssige Qualit\u00e4t und sicherer Betrieb.<\/li>\r\n\r\n\r\n\r\n<li>IP-Bewertung: IP65, geeignet f\u00fcr Feuchtr\u00e4ume.<\/li>\r\n\r\n\r\n\r\n\r\n<\/ul>\r\n\r\n<p>\u00a0 \u00a0 \u00a0 \u00a0<img loading=\"lazy\" decoding=\"async\" class=\"alignnone size-full wp-image-1882\" src=\"https:\/\/solarlamp-led.com\/wp-content\/uploads\/2026\/04\/723ec1f4-9a03-4415-a075-058a883fd2f3-4.webp\" alt=\"\" width=\"300\" height=\"44\" \/><\/p>\r\n\r\n<p class=\"has-medium-font-size\"><strong>Produktspezifikation:<\/strong><\/p>\r\n\r\n\r\n\r\n<figure class=\"wp-block-table\">\r\n<table class=\"has-fixed-layout\" style=\"height: 394px;\" width=\"695\">\r\n<tbody>\r\n<tr>\r\n<td>Modell<\/td>\r\n<td>JXL-BD16-AM15W-5CCT<\/td>\r\n<\/tr>\r\n<tr>\r\n<td>Wattleistung<\/td>\r\n<td>15Watts<\/td>\r\n<\/tr>\r\n<tr>\r\n<td>Eingangsspannung<\/td>\r\n<td>AC100-277V, 50\/60Hz<\/td>\r\n<\/tr>\r\n<tr>\r\n<td>Lichtstrom<\/td>\r\n<td>500LM<\/td>\r\n<\/tr>\r\n<tr>\r\n<td>Farbtemperatur<\/td>\r\n<td>5CCT Tunable,27K\/30K\/35K\/40K\/50K<\/td>\r\n<\/tr>\r\n<tr>\r\n<td>Material<\/td>\r\n<td>Aluminium + PC<\/td>\r\n<\/tr>\r\n<tr>\r\n<td>IP-Rate<\/td>\r\n<td>IP65<\/td>\r\n<\/tr>\r\n<tr>\r\n<td>Abmessungen<\/td>\r\n<td>L406*89*58mm<\/td>\r\n<\/tr>\r\n<tr>\r\n<td>Dimmbar<\/td>\r\n<td>Triac dimmbar<\/td>\r\n<\/tr>\r\n<tr>\r\n<td>Leistungsfaktor<\/td>\r\n<td>&gt;0.9<\/td>\r\n<\/tr>\r\n<tr>\r\n<td>CRI<\/td>\r\n<td>&gt;80<\/td>\r\n<\/tr>\r\n<tr>\r\n<td>Geh\u00e4usefarbe<\/td>\r\n<td>Schwarz\/\u00d6l geb\u00fcrstet Braun<\/td>\r\n<\/tr>\r\n<tr>\r\n<td>Bescheinigungen<\/td>\r\n<td>ISO9001,CE,RoHs,ETL,cETL,FCC,ICES,IP65<\/td>\r\n<\/tr>\r\n<tr>\r\n<td>Garantie<\/td>\r\n<td>3 Jahre<\/td>\r\n<\/tr>\r\n<\/tbody>\r\n<\/table>\r\n<\/figure>\r\n\r\n\r\n\r\n<p class=\"has-medium-font-size\"><strong>Einzelheiten zum Produkt:<\/strong><\/p>\r\n\r\n\r\n\r\n\r\n\r\n<div class=\"wp-block-stackable-image stk-block-image stk-block stk-62e0bd0\" data-block-id=\"62e0bd0\">\r\n<figure><span class=\"stk-img-wrapper stk-image--shape-stretch\"><img loading=\"lazy\" decoding=\"async\" class=\"aligncenter wp-image-3306 size-full\" src=\"https:\/\/solarlamp-led.com\/wp-content\/uploads\/2026\/04\/01-76.webp\" alt=\"16&quot; Acrylic Linear Wall Lights\" width=\"1000\" height=\"1000\" srcset=\"https:\/\/solarlamp-led.com\/wp-content\/uploads\/2026\/04\/01-76.webp 1000w, https:\/\/solarlamp-led.com\/wp-content\/uploads\/2026\/04\/01-76-300x300.webp 300w, https:\/\/solarlamp-led.com\/wp-content\/uploads\/2026\/04\/01-76-150x150.webp 150w, https:\/\/solarlamp-led.com\/wp-content\/uploads\/2026\/04\/01-76-768x768.webp 768w, https:\/\/solarlamp-led.com\/wp-content\/uploads\/2026\/04\/01-76-600x600.webp 600w, https:\/\/solarlamp-led.com\/wp-content\/uploads\/2026\/04\/01-76-100x100.webp 100w\" sizes=\"auto, (max-width: 1000px) 100vw, 1000px\" \/><\/span><\/figure>\r\n<\/div>\r\n<div class=\"wp-block-stackable-image stk-block-image stk-block stk-b3487dd\" data-block-id=\"b3487dd\">\r\n<figure><span class=\"stk-img-wrapper stk-image--shape-stretch\"><img loading=\"lazy\" decoding=\"async\" class=\"aligncenter wp-image-3307 size-full\" src=\"https:\/\/solarlamp-led.com\/wp-content\/uploads\/2026\/04\/02-76.webp\" alt=\"16&quot; Acrylic Linear Wall Lights\" width=\"1000\" height=\"563\" srcset=\"https:\/\/solarlamp-led.com\/wp-content\/uploads\/2026\/04\/02-76.webp 1000w, https:\/\/solarlamp-led.com\/wp-content\/uploads\/2026\/04\/02-76-300x169.webp 300w, https:\/\/solarlamp-led.com\/wp-content\/uploads\/2026\/04\/02-76-768x432.webp 768w, https:\/\/solarlamp-led.com\/wp-content\/uploads\/2026\/04\/02-76-600x338.webp 600w\" sizes=\"auto, (max-width: 1000px) 100vw, 1000px\" \/><\/span><\/figure>\r\n<figure><span class=\"stk-img-wrapper stk-image--shape-stretch\"> <img loading=\"lazy\" decoding=\"async\" class=\"aligncenter wp-image-3308 size-full\" src=\"https:\/\/solarlamp-led.com\/wp-content\/uploads\/2026\/04\/03-81.webp\" alt=\"16&quot; Acrylic Linear Wall Lights\" width=\"1000\" height=\"1000\" srcset=\"https:\/\/solarlamp-led.com\/wp-content\/uploads\/2026\/04\/03-81.webp 1000w, https:\/\/solarlamp-led.com\/wp-content\/uploads\/2026\/04\/03-81-300x300.webp 300w, https:\/\/solarlamp-led.com\/wp-content\/uploads\/2026\/04\/03-81-150x150.webp 150w, https:\/\/solarlamp-led.com\/wp-content\/uploads\/2026\/04\/03-81-768x768.webp 768w, https:\/\/solarlamp-led.com\/wp-content\/uploads\/2026\/04\/03-81-600x600.webp 600w, https:\/\/solarlamp-led.com\/wp-content\/uploads\/2026\/04\/03-81-100x100.webp 100w\" sizes=\"auto, (max-width: 1000px) 100vw, 1000px\" \/> <\/span><\/figure>\r\n<figure><span class=\"stk-img-wrapper stk-image--shape-stretch\"><img loading=\"lazy\" decoding=\"async\" class=\"aligncenter wp-image-3309 size-full\" src=\"https:\/\/solarlamp-led.com\/wp-content\/uploads\/2026\/04\/04-77.webp\" alt=\"16&quot; Acrylic Linear Wall Lights\" width=\"1000\" height=\"1000\" srcset=\"https:\/\/solarlamp-led.com\/wp-content\/uploads\/2026\/04\/04-77.webp 1000w, https:\/\/solarlamp-led.com\/wp-content\/uploads\/2026\/04\/04-77-300x300.webp 300w, https:\/\/solarlamp-led.com\/wp-content\/uploads\/2026\/04\/04-77-150x150.webp 150w, https:\/\/solarlamp-led.com\/wp-content\/uploads\/2026\/04\/04-77-768x768.webp 768w, https:\/\/solarlamp-led.com\/wp-content\/uploads\/2026\/04\/04-77-600x600.webp 600w, https:\/\/solarlamp-led.com\/wp-content\/uploads\/2026\/04\/04-77-100x100.webp 100w\" sizes=\"auto, (max-width: 1000px) 100vw, 1000px\" \/> <\/span><\/figure>\r\n<figure><span class=\"stk-img-wrapper stk-image--shape-stretch\"><img loading=\"lazy\" decoding=\"async\" class=\"aligncenter wp-image-3310 size-full\" src=\"https:\/\/solarlamp-led.com\/wp-content\/uploads\/2026\/04\/05-67.webp\" alt=\"16&quot; Acrylic Linear Wall Lights\" width=\"1000\" height=\"626\" srcset=\"https:\/\/solarlamp-led.com\/wp-content\/uploads\/2026\/04\/05-67.webp 1000w, https:\/\/solarlamp-led.com\/wp-content\/uploads\/2026\/04\/05-67-300x188.webp 300w, https:\/\/solarlamp-led.com\/wp-content\/uploads\/2026\/04\/05-67-768x481.webp 768w, https:\/\/solarlamp-led.com\/wp-content\/uploads\/2026\/04\/05-67-600x376.webp 600w\" sizes=\"auto, (max-width: 1000px) 100vw, 1000px\" \/><\/span><\/figure>\r\n<\/div>\r\n<div class=\"wp-block-stackable-image stk-block-image stk-block stk-5dd4238\" data-block-id=\"5dd4238\">\r\n<figure><span class=\"stk-img-wrapper stk-image--shape-stretch\"><img loading=\"lazy\" decoding=\"async\" class=\"aligncenter wp-image-3311 size-full\" src=\"https:\/\/solarlamp-led.com\/wp-content\/uploads\/2026\/04\/06-72.webp\" alt=\"16&quot; Acrylic Linear Wall Lights\" width=\"1000\" height=\"1000\" srcset=\"https:\/\/solarlamp-led.com\/wp-content\/uploads\/2026\/04\/06-72.webp 1000w, https:\/\/solarlamp-led.com\/wp-content\/uploads\/2026\/04\/06-72-300x300.webp 300w, https:\/\/solarlamp-led.com\/wp-content\/uploads\/2026\/04\/06-72-150x150.webp 150w, https:\/\/solarlamp-led.com\/wp-content\/uploads\/2026\/04\/06-72-768x768.webp 768w, https:\/\/solarlamp-led.com\/wp-content\/uploads\/2026\/04\/06-72-600x600.webp 600w, https:\/\/solarlamp-led.com\/wp-content\/uploads\/2026\/04\/06-72-100x100.webp 100w\" sizes=\"auto, (max-width: 1000px) 100vw, 1000px\" \/> <\/span><\/figure>\r\n<figure><span class=\"stk-img-wrapper stk-image--shape-stretch\"><img loading=\"lazy\" decoding=\"async\" class=\"aligncenter wp-image-3312 size-full\" src=\"https:\/\/solarlamp-led.com\/wp-content\/uploads\/2026\/04\/07-55.webp\" alt=\"16&quot; Acrylic Linear Wall Lights\" width=\"1000\" height=\"1000\" srcset=\"https:\/\/solarlamp-led.com\/wp-content\/uploads\/2026\/04\/07-55.webp 1000w, https:\/\/solarlamp-led.com\/wp-content\/uploads\/2026\/04\/07-55-300x300.webp 300w, https:\/\/solarlamp-led.com\/wp-content\/uploads\/2026\/04\/07-55-150x150.webp 150w, https:\/\/solarlamp-led.com\/wp-content\/uploads\/2026\/04\/07-55-768x768.webp 768w, https:\/\/solarlamp-led.com\/wp-content\/uploads\/2026\/04\/07-55-600x600.webp 600w, https:\/\/solarlamp-led.com\/wp-content\/uploads\/2026\/04\/07-55-100x100.webp 100w\" sizes=\"auto, (max-width: 1000px) 100vw, 1000px\" \/> <\/span><\/figure>\r\n<figure><span class=\"stk-img-wrapper stk-image--shape-stretch\"><img loading=\"lazy\" decoding=\"async\" class=\"aligncenter wp-image-3313 size-full\" src=\"https:\/\/solarlamp-led.com\/wp-content\/uploads\/2026\/04\/08-48.webp\" alt=\"16&quot; Acrylic Linear Wall Lights\" width=\"1000\" height=\"1000\" srcset=\"https:\/\/solarlamp-led.com\/wp-content\/uploads\/2026\/04\/08-48.webp 1000w, https:\/\/solarlamp-led.com\/wp-content\/uploads\/2026\/04\/08-48-300x300.webp 300w, https:\/\/solarlamp-led.com\/wp-content\/uploads\/2026\/04\/08-48-150x150.webp 150w, https:\/\/solarlamp-led.com\/wp-content\/uploads\/2026\/04\/08-48-768x768.webp 768w, https:\/\/solarlamp-led.com\/wp-content\/uploads\/2026\/04\/08-48-600x600.webp 600w, https:\/\/solarlamp-led.com\/wp-content\/uploads\/2026\/04\/08-48-100x100.webp 100w\" sizes=\"auto, (max-width: 1000px) 100vw, 1000px\" \/> <\/span><\/figure>\r\n<figure><span class=\"stk-img-wrapper stk-image--shape-stretch\"><img loading=\"lazy\" decoding=\"async\" class=\"aligncenter wp-image-3314 size-full\" src=\"https:\/\/solarlamp-led.com\/wp-content\/uploads\/2026\/04\/09-36.webp\" alt=\"16&quot; Acrylic Linear Wall Lights\" width=\"1000\" height=\"1000\" srcset=\"https:\/\/solarlamp-led.com\/wp-content\/uploads\/2026\/04\/09-36.webp 1000w, https:\/\/solarlamp-led.com\/wp-content\/uploads\/2026\/04\/09-36-300x300.webp 300w, https:\/\/solarlamp-led.com\/wp-content\/uploads\/2026\/04\/09-36-150x150.webp 150w, https:\/\/solarlamp-led.com\/wp-content\/uploads\/2026\/04\/09-36-768x768.webp 768w, https:\/\/solarlamp-led.com\/wp-content\/uploads\/2026\/04\/09-36-600x600.webp 600w, https:\/\/solarlamp-led.com\/wp-content\/uploads\/2026\/04\/09-36-100x100.webp 100w\" sizes=\"auto, (max-width: 1000px) 100vw, 1000px\" \/> <\/span><\/figure>\r\n<figure><span class=\"stk-img-wrapper stk-image--shape-stretch\"><img loading=\"lazy\" decoding=\"async\" class=\"aligncenter wp-image-3315 size-full\" src=\"https:\/\/solarlamp-led.com\/wp-content\/uploads\/2026\/04\/10-18.webp\" alt=\"16&quot; Acrylic Linear Wall Lights\" width=\"1000\" height=\"1000\" srcset=\"https:\/\/solarlamp-led.com\/wp-content\/uploads\/2026\/04\/10-18.webp 1000w, https:\/\/solarlamp-led.com\/wp-content\/uploads\/2026\/04\/10-18-300x300.webp 300w, https:\/\/solarlamp-led.com\/wp-content\/uploads\/2026\/04\/10-18-150x150.webp 150w, https:\/\/solarlamp-led.com\/wp-content\/uploads\/2026\/04\/10-18-768x768.webp 768w, https:\/\/solarlamp-led.com\/wp-content\/uploads\/2026\/04\/10-18-600x600.webp 600w, https:\/\/solarlamp-led.com\/wp-content\/uploads\/2026\/04\/10-18-100x100.webp 100w\" sizes=\"auto, (max-width: 1000px) 100vw, 1000px\" \/><\/span><\/figure>\r\n<figure><span class=\"stk-img-wrapper stk-image--shape-stretch\"> <img loading=\"lazy\" decoding=\"async\" class=\"aligncenter wp-image-3316 size-full\" src=\"https:\/\/solarlamp-led.com\/wp-content\/uploads\/2026\/04\/11-10.webp\" alt=\"16&quot; Acrylic Linear Wall Lights\" width=\"1000\" height=\"429\" srcset=\"https:\/\/solarlamp-led.com\/wp-content\/uploads\/2026\/04\/11-10.webp 1000w, https:\/\/solarlamp-led.com\/wp-content\/uploads\/2026\/04\/11-10-300x129.webp 300w, https:\/\/solarlamp-led.com\/wp-content\/uploads\/2026\/04\/11-10-768x329.webp 768w, https:\/\/solarlamp-led.com\/wp-content\/uploads\/2026\/04\/11-10-600x257.webp 600w\" sizes=\"auto, (max-width: 1000px) 100vw, 1000px\" \/><\/span><\/figure>\r\n<\/div>\r\n<div class=\"wp-block-stackable-image stk-block-image stk-block stk-ef9ccc5\" data-block-id=\"ef9ccc5\">\r\n<p><strong>Gro\u00dfartige Eigenschaften und Vorteile<\/strong><\/p>\r\n<ul>\r\n<li>Erscheinungsbild: Modisches, hochwertiges und elegantes Design, mit einzigartigem Aussehen, einfacher f\u00fcr die Vermarktung.\u00a0<\/li>\r\n<li>Materialien: Wasserdichter Aluminiumrahmen, mit Rostschutzpulver.<\/li>\r\n<li>Farbe: Anti-resistente und Anti-Korrosions-Pulver, die Armatur Farbe halten die gleichen nach vielen Jahren mit.<\/li>\r\n<li>Wasserdicht: IP65-Design f\u00fcr Regen und Schnee, sorgt daf\u00fcr, dass die Leuchte gegen alle Wettereinfl\u00fcsse gesch\u00fctzt ist.<\/li>\r\n<li>Zertifizierungen: SafetyETL , cETL Listed - Entspricht dem amerikanischen Elektrostandard.<\/li>\r\n<li>Installation: Die Montageplatte entspricht 4\u201d US-Standard Junction Box, einfach f\u00fcr die Installation.<\/li>\r\n<li>Anwendungen: Ideal f\u00fcr den Au\u00dfenbereich - Dekorieren Sie Ihren Garten, Flur, Terrasse, Balkon, Villa, Gehweg, S\u00e4ulen.<\/li>\r\n<\/ul>\r\n<\/div>","protected":false},"excerpt":{"rendered":"<p>Model: JXL-BD90-T24W-5CCT<br data-start=\"136\" data-end=\"139\" \/>Luminous Flux: 2300LM<br data-start=\"160\" data-end=\"163\" \/>LED Chip: SMD 2835 (High Efficiency)<br data-start=\"199\" data-end=\"202\" \/>Wattage: 24W (12W x 2)<br data-start=\"224\" data-end=\"227\" \/>Input Voltage: AC 100\u2013277V<br data-start=\"253\" data-end=\"256\" \/>Color Temperature: 2700K, 3000K, 3500K, 4000K, 5000K Switchable<br data-start=\"319\" data-end=\"322\" \/>IP Rated: IP65<br data-start=\"336\" data-end=\"339\" \/>Beam Angle: 65\u00b0<br data-start=\"354\" data-end=\"357\" \/>Body Materials: Aluminium<br data-start=\"382\" data-end=\"385\" \/>Size: 3.54 x 3.54 x 12 Inches \/ 90 x 90 x 300MM<br data-start=\"432\" data-end=\"435\" \/>Operating Temperature: -20\u00b0C ~ +60\u00b0C<br data-start=\"471\" data-end=\"474\" \/>Warranty: 3 years<br data-start=\"491\" data-end=\"494\" \/>Certificate: ISO9001, CE, RoHS, ETL, cETL, FCC, ICES, IP65<\/p>","protected":false},"featured_media":3305,"comment_status":"closed","ping_status":"closed","template":"","meta":[],"product_brand":[],"product_cat":[38],"product_tag":[145],"class_list":{"0":"post-3304","1":"product","2":"type-product","3":"status-publish","4":"has-post-thumbnail","6":"product_cat-100-277v-wall-lights","7":"product_tag-16-acrylic-linear-wall-lights","9":"first","10":"instock","11":"shipping-taxable","12":"product-type-simple"},"_links":{"self":[{"href":"https:\/\/solarlamp-led.com\/de\/wp-json\/wp\/v2\/product\/3304","targetHints":{"allow":["GET"]}}],"collection":[{"href":"https:\/\/solarlamp-led.com\/de\/wp-json\/wp\/v2\/product"}],"about":[{"href":"https:\/\/solarlamp-led.com\/de\/wp-json\/wp\/v2\/types\/product"}],"replies":[{"embeddable":true,"href":"https:\/\/solarlamp-led.com\/de\/wp-json\/wp\/v2\/comments?post=3304"}],"wp:featuredmedia":[{"embeddable":true,"href":"https:\/\/solarlamp-led.com\/de\/wp-json\/wp\/v2\/media\/3305"}],"wp:attachment":[{"href":"https:\/\/solarlamp-led.com\/de\/wp-json\/wp\/v2\/media?parent=3304"}],"wp:term":[{"taxonomy":"product_brand","embeddable":true,"href":"https:\/\/solarlamp-led.com\/de\/wp-json\/wp\/v2\/product_brand?post=3304"},{"taxonomy":"product_cat","embeddable":true,"href":"https:\/\/solarlamp-led.com\/de\/wp-json\/wp\/v2\/product_cat?post=3304"},{"taxonomy":"product_tag","embeddable":true,"href":"https:\/\/solarlamp-led.com\/de\/wp-json\/wp\/v2\/product_tag?post=3304"}],"curies":[{"name":"wp","href":"https:\/\/api.w.org\/{rel}","templated":true}]}}